{"id":26,"date":"2024-11-11T13:08:14","date_gmt":"2024-11-11T13:08:14","guid":{"rendered":"https:\/\/www.accomfy.com\/?page_id=26"},"modified":"2024-11-11T13:32:27","modified_gmt":"2024-11-11T13:32:27","slug":"cookie-policy","status":"publish","type":"page","link":"https:\/\/www.accomfy.com\/en\/cookie-policy\/","title":{"rendered":"Cookie Policy"},"content":{"rendered":"<div class=\"py-5\">\r\n\t<div class=\"container py-lg-5\">\r\n\t\t<div class=\"row justify-content-center\">\r\n\t\t\t<div class=\"col-lg-8\">\r\n\t\t\t\t<h1 class=\"text-center fw-medium display-5 mb-5 pb-lg-3\">Cookie Policy<\/h1>\r\n\t\t\t\t<h6 class=\"fw-bold\">Introduction<\/h6>\r\n\t\t\t\t<p>This Cookie Policy describes how cookies are used on the Accomfy.com website.<\/p>\r\n\t\t\t\t<p>Cookies are small files that are stored on your device and help us improve your user experience and provide you with tailored services.<\/p>\r\n\t\t\t\t<p>Cookies are divided into two levels based on the purpose of use: essential cookies and non-essential (optional) cookies. The latter cookies can only be set with your consent.<\/p>\r\n\t\t\t\t<p>For the sake of clarity, the term \u201ccookie\u201d refers in this Cookie Policy, alongside actual cookies, to other similar storage technologies. Such technologies include a storage mechanism built into HTML5, which can store and read information about, for example, a user or their terminal, either on a session-by-session or long-term (local storage) basis, or the use of tracking technologies based on web calls.<\/p>\r\n\t\t\t\t<h6 class=\"fw-bold\">Information Collected by Cookies<\/h6>\r\n\t\t\t\t<p>Cookies are used to collect information about the use of Accomfy's web service. This information includes, for example, information collected about the device or application being used, such as browser version, device type, screen size, screen resolution and operating system, IP address, and information about the use of web services, such as page downloads, time spent and duration on web services.<\/p>\r\n\t\t\t\t<h6 class=\"fw-bold\">Necessary Cookies<\/h6>\r\n\t\t\t\t<p>Necessary cookies are essential to the operation of our services. Without these cookies, the services will not work correctly and it will not be possible to delete them without affecting the functionality of the system. These cookies include:<\/p>\r\n\t\t\t\t<ul>\r\n\t\t\t\t\t<li>&zwj;<strong>Session cookies<\/strong>: These cookies allow users to be identified during a session and ensure that users can safely use the service after logging in, for example.<\/li>\r\n\t\t\t\t<\/ul>\r\n\t\t\t\t<ul>\r\n\t\t\t\t\t<li>&zwj;<strong>\u200dSecurity cookies<\/strong>: Used to support security functions and detect abuse.<\/li>\r\n\t\t\t\t<\/ul>\r\n\t\t\t\t<ul>\r\n\t\t\t\t\t<li><strong>Functionality cookies<\/strong>: These cookies allow you to perform basic functions of the service, such as filling out forms and storing information during a session.<br>\r\n\t\t\t\t\t\t<br>\r\n\t\t\t\t\t<\/li>\r\n\t\t\t\t\t<li><strong>Language selection cookies: <\/strong>These cookies store the language setting selected by the user so that the service can be provided in the language of the user's choice.<\/li>\r\n\t\t\t\t<\/ul>\r\n\t\t\t\t<h6 class=\"fw-bold\">Optional cookies<\/h6>\r\n\t\t\t\t<p>Non-essential, optional cookies help us improve our services and provide you with more personalized and relevant content. The use of these cookies requires your consent. These cookies include:<\/p>\r\n\t\t\t\t<ul>\r\n\t\t\t\t\t<li><strong>Analytics cookies: <\/strong>Collect information about how users use our service. The data allows us to analyze and improve the usability and performance of the service. These may include, for example, Google Analytics cookies.<\/li>\r\n\t\t\t\t<\/ul>\r\n\t\t\t\t<ul>\r\n\t\t\t\t\t<li><strong>Marketing cookies: <\/strong>Used to show you targeted advertising and marketing communications. These cookies allow us to show you content that is more relevant to you.<\/li>\r\n\t\t\t\t<\/ul>\r\n\t\t\t\t<ul>\r\n\t\t\t\t\t<li><strong>Social media cookies: <\/strong>Allows to share content on social media channels. These cookies are used by social media platforms such as Facebook and Twitter.<\/li>\r\n\t\t\t\t<\/ul>\r\n\t\t\t\t<ul>\r\n\t\t\t\t\t<li><strong>Personalization cookies: <\/strong>Store information that allows us to provide you with more personalized content and services. For example, these allow us to recommend articles and services to you based on your previous searches and visit history.<\/li>\r\n\t\t\t\t<\/ul>\r\n\t\t\t\t<h6 class=\"fw-bold\">Third parties<\/h6>\r\n\t\t\t\t<p>In addition to Accomfy's cookies, Accomfy's web service also uses cookies from third parties, such as measurement service providers, advertising technology providers and social media services. Some of the partners process cookie identifiers and related website usage data as data controllers and thus determine the purposes and means of using the personal data.<\/p>\r\n\t\t\t\t<p>You can find out more about third parties through the consent management mechanism displayed in the online service.<\/p>\r\n\t\t\t\t<h6 class=\"fw-bold\">Expiry of cookies<\/h6>\r\n\t\t\t\t<p>Session cookies are automatically destroyed when the browser is closed, while persistent cookies remain on the terminal until they are individually deleted or expire.<\/p>\r\n\t\t\t\t<p>More information about the validity period of cookies can be found through the consent management mechanism displayed on the web service.<\/p>\r\n\t\t\t\t<h6 class=\"fw-bold\">Cookie management<\/h6>\r\n\t\t\t\t<p>You can control the use of cookies through the consent management mechanism displayed on the web service, and choose whether to accept all cookies or continue using the service only with essential cookies.<\/p>\r\n\t\t\t\t<p>You can also block cookies by using your browser settings. Please note that if you block all cookies, some parts of the service (e.g. login) may not be available.<\/p>\r\n\t\t\t\t<h6 class=\"fw-bold\">Contact Information<\/h6>\r\n\t\t\t\t<p>If you have any questions about this cookie policy, please contact our customer service team at asiakaspalvelu@accomfy.com.<\/p>\r\n\t\t\t\t<h6 class=\"fw-bold\">Updates<\/h6>\r\n\t\t\t\t<p>We may update this Cookie Policy from time to time. All changes will be posted on this page.<\/p>\r\n\t\t\t\t<p>This cookie policy was last updated on 6 November 2024.<\/p>\r\n\t\t\t<\/div>\r\n\t\t<\/div>\r\n\t<\/div>\r\n<\/div>","protected":false},"excerpt":{"rendered":"<p>Ev\u00e4stepolitiikka Johdanto T\u00e4m\u00e4 ev\u00e4stepolitiikka kuvaa, kuinka Accomfy.com -verkkosivustolla k\u00e4ytet\u00e4\u00e4n ev\u00e4steit\u00e4. Ev\u00e4steet ovat pieni\u00e4 tiedostoja, jotka tallentuvat laitteellesi ja auttavat meit\u00e4 parantamaan k\u00e4ytt\u00f6kokemustasi sek\u00e4 tarjoamaan sinulle r\u00e4\u00e4t\u00e4l\u00f6ityj\u00e4 palveluita. Ev\u00e4steet jaetaan kahteen tasoon k\u00e4ytt\u00f6tarkoituksen perusteella: v\u00e4ltt\u00e4m\u00e4tt\u00f6miin ev\u00e4steisiin ja ei-v\u00e4ltt\u00e4m\u00e4tt\u00f6miin (valinnaisiin) ev\u00e4steisiin. J\u00e4lkimm\u00e4isi\u00e4 ev\u00e4steit\u00e4 voidaan asettaa vain suostumuksellasi. Selkeyden vuoksi termill\u00e4 \u201dev\u00e4ste\u201d viitataan t\u00e4ss\u00e4 ev\u00e4stepolitiikassa varsinaisten ev\u00e4steiden rinnalla [&hellip;]<\/p>\n","protected":false},"author":1,"featured_media":0,"parent":0,"menu_order":8,"comment_status":"closed","ping_status":"closed","template":"","meta":{"inline_featured_image":false,"footnotes":""},"class_list":["post-26","page","type-page","status-publish","hentry"],"yoast_head":"<!-- This site is optimized with the Yoast SEO plugin v27.4 - https:\/\/yoast.com\/product\/yoast-seo-wordpress\/ -->\n<title>Ev\u00e4stepolitiikka - Accomfy Oy<\/title>\n<meta name=\"robots\" content=\"index, follow, max-snippet:-1, max-image-preview:large, max-video-preview:-1\" \/>\n<link rel=\"canonical\" href=\"https:\/\/www.accomfy.com\/en\/cookie-policy\/\" \/>\n<meta property=\"og:locale\" content=\"en_US\" \/>\n<meta property=\"og:type\" content=\"article\" \/>\n<meta property=\"og:title\" content=\"Ev\u00e4stepolitiikka - Accomfy Oy\" \/>\n<meta property=\"og:description\" content=\"Ev\u00e4stepolitiikka Johdanto T\u00e4m\u00e4 ev\u00e4stepolitiikka kuvaa, kuinka Accomfy.com -verkkosivustolla k\u00e4ytet\u00e4\u00e4n ev\u00e4steit\u00e4. Ev\u00e4steet ovat pieni\u00e4 tiedostoja, jotka tallentuvat laitteellesi ja auttavat meit\u00e4 parantamaan k\u00e4ytt\u00f6kokemustasi sek\u00e4 tarjoamaan sinulle r\u00e4\u00e4t\u00e4l\u00f6ityj\u00e4 palveluita. Ev\u00e4steet jaetaan kahteen tasoon k\u00e4ytt\u00f6tarkoituksen perusteella: v\u00e4ltt\u00e4m\u00e4tt\u00f6miin ev\u00e4steisiin ja ei-v\u00e4ltt\u00e4m\u00e4tt\u00f6miin (valinnaisiin) ev\u00e4steisiin. J\u00e4lkimm\u00e4isi\u00e4 ev\u00e4steit\u00e4 voidaan asettaa vain suostumuksellasi. Selkeyden vuoksi termill\u00e4 \u201dev\u00e4ste\u201d viitataan t\u00e4ss\u00e4 ev\u00e4stepolitiikassa varsinaisten ev\u00e4steiden rinnalla [&hellip;]\" \/>\n<meta property=\"og:url\" content=\"https:\/\/www.accomfy.com\/en\/cookie-policy\/\" \/>\n<meta property=\"og:site_name\" content=\"Accomfy Oy\" \/>\n<meta property=\"article:modified_time\" content=\"2024-11-11T13:32:27+00:00\" \/>\n<meta name=\"twitter:card\" content=\"summary_large_image\" \/>\n<meta name=\"twitter:label1\" content=\"Est. reading time\" \/>\n\t<meta name=\"twitter:data1\" content=\"3 minutes\" \/>\n<script type=\"application\/ld+json\" class=\"yoast-schema-graph\">{\"@context\":\"https:\\\/\\\/schema.org\",\"@graph\":[{\"@type\":\"WebPage\",\"@id\":\"https:\\\/\\\/www.accomfy.com\\\/cookie-policy\\\/\",\"url\":\"https:\\\/\\\/www.accomfy.com\\\/cookie-policy\\\/\",\"name\":\"Ev\u00e4stepolitiikka - Accomfy Oy\",\"isPartOf\":{\"@id\":\"https:\\\/\\\/www.accomfy.com\\\/#website\"},\"datePublished\":\"2024-11-11T13:08:14+00:00\",\"dateModified\":\"2024-11-11T13:32:27+00:00\",\"breadcrumb\":{\"@id\":\"https:\\\/\\\/www.accomfy.com\\\/cookie-policy\\\/#breadcrumb\"},\"inLanguage\":\"en-US\",\"potentialAction\":[{\"@type\":\"ReadAction\",\"target\":[\"https:\\\/\\\/www.accomfy.com\\\/cookie-policy\\\/\"]}]},{\"@type\":\"BreadcrumbList\",\"@id\":\"https:\\\/\\\/www.accomfy.com\\\/cookie-policy\\\/#breadcrumb\",\"itemListElement\":[{\"@type\":\"ListItem\",\"position\":1,\"name\":\"Home\",\"item\":\"https:\\\/\\\/www.accomfy.com\\\/\"},{\"@type\":\"ListItem\",\"position\":2,\"name\":\"Ev\u00e4stepolitiikka\"}]},{\"@type\":\"WebSite\",\"@id\":\"https:\\\/\\\/www.accomfy.com\\\/#website\",\"url\":\"https:\\\/\\\/www.accomfy.com\\\/\",\"name\":\"Accomfy Oy\",\"description\":\"Yksi WordPress sivusto\",\"potentialAction\":[{\"@type\":\"SearchAction\",\"target\":{\"@type\":\"EntryPoint\",\"urlTemplate\":\"https:\\\/\\\/www.accomfy.com\\\/?s={search_term_string}\"},\"query-input\":{\"@type\":\"PropertyValueSpecification\",\"valueRequired\":true,\"valueName\":\"search_term_string\"}}],\"inLanguage\":\"en-US\"}]}<\/script>\n<!-- \/ Yoast SEO plugin. -->","yoast_head_json":{"title":"Ev\u00e4stepolitiikka - Accomfy Oy","robots":{"index":"index","follow":"follow","max-snippet":"max-snippet:-1","max-image-preview":"max-image-preview:large","max-video-preview":"max-video-preview:-1"},"canonical":"https:\/\/www.accomfy.com\/en\/cookie-policy\/","og_locale":"en_US","og_type":"article","og_title":"Ev\u00e4stepolitiikka - Accomfy Oy","og_description":"Ev\u00e4stepolitiikka Johdanto T\u00e4m\u00e4 ev\u00e4stepolitiikka kuvaa, kuinka Accomfy.com -verkkosivustolla k\u00e4ytet\u00e4\u00e4n ev\u00e4steit\u00e4. Ev\u00e4steet ovat pieni\u00e4 tiedostoja, jotka tallentuvat laitteellesi ja auttavat meit\u00e4 parantamaan k\u00e4ytt\u00f6kokemustasi sek\u00e4 tarjoamaan sinulle r\u00e4\u00e4t\u00e4l\u00f6ityj\u00e4 palveluita. Ev\u00e4steet jaetaan kahteen tasoon k\u00e4ytt\u00f6tarkoituksen perusteella: v\u00e4ltt\u00e4m\u00e4tt\u00f6miin ev\u00e4steisiin ja ei-v\u00e4ltt\u00e4m\u00e4tt\u00f6miin (valinnaisiin) ev\u00e4steisiin. J\u00e4lkimm\u00e4isi\u00e4 ev\u00e4steit\u00e4 voidaan asettaa vain suostumuksellasi. Selkeyden vuoksi termill\u00e4 \u201dev\u00e4ste\u201d viitataan t\u00e4ss\u00e4 ev\u00e4stepolitiikassa varsinaisten ev\u00e4steiden rinnalla [&hellip;]","og_url":"https:\/\/www.accomfy.com\/en\/cookie-policy\/","og_site_name":"Accomfy Oy","article_modified_time":"2024-11-11T13:32:27+00:00","twitter_card":"summary_large_image","twitter_misc":{"Est. reading time":"3 minutes"},"schema":{"@context":"https:\/\/schema.org","@graph":[{"@type":"WebPage","@id":"https:\/\/www.accomfy.com\/cookie-policy\/","url":"https:\/\/www.accomfy.com\/cookie-policy\/","name":"Ev\u00e4stepolitiikka - Accomfy Oy","isPartOf":{"@id":"https:\/\/www.accomfy.com\/#website"},"datePublished":"2024-11-11T13:08:14+00:00","dateModified":"2024-11-11T13:32:27+00:00","breadcrumb":{"@id":"https:\/\/www.accomfy.com\/cookie-policy\/#breadcrumb"},"inLanguage":"en-US","potentialAction":[{"@type":"ReadAction","target":["https:\/\/www.accomfy.com\/cookie-policy\/"]}]},{"@type":"BreadcrumbList","@id":"https:\/\/www.accomfy.com\/cookie-policy\/#breadcrumb","itemListElement":[{"@type":"ListItem","position":1,"name":"Home","item":"https:\/\/www.accomfy.com\/"},{"@type":"ListItem","position":2,"name":"Ev\u00e4stepolitiikka"}]},{"@type":"WebSite","@id":"https:\/\/www.accomfy.com\/#website","url":"https:\/\/www.accomfy.com\/","name":"Accomfy Oy","description":"Yksi WordPress sivusto","potentialAction":[{"@type":"SearchAction","target":{"@type":"EntryPoint","urlTemplate":"https:\/\/www.accomfy.com\/?s={search_term_string}"},"query-input":{"@type":"PropertyValueSpecification","valueRequired":true,"valueName":"search_term_string"}}],"inLanguage":"en-US"}]}},"_links":{"self":[{"href":"https:\/\/www.accomfy.com\/en\/wp-json\/wp\/v2\/pages\/26","targetHints":{"allow":["GET"]}}],"collection":[{"href":"https:\/\/www.accomfy.com\/en\/wp-json\/wp\/v2\/pages"}],"about":[{"href":"https:\/\/www.accomfy.com\/en\/wp-json\/wp\/v2\/types\/page"}],"author":[{"embeddable":true,"href":"https:\/\/www.accomfy.com\/en\/wp-json\/wp\/v2\/users\/1"}],"replies":[{"embeddable":true,"href":"https:\/\/www.accomfy.com\/en\/wp-json\/wp\/v2\/comments?post=26"}],"version-history":[{"count":1,"href":"https:\/\/www.accomfy.com\/en\/wp-json\/wp\/v2\/pages\/26\/revisions"}],"predecessor-version":[{"id":27,"href":"https:\/\/www.accomfy.com\/en\/wp-json\/wp\/v2\/pages\/26\/revisions\/27"}],"wp:attachment":[{"href":"https:\/\/www.accomfy.com\/en\/wp-json\/wp\/v2\/media?parent=26"}],"curies":[{"name":"wp","href":"https:\/\/api.w.org\/{rel}","templated":true}]}}