{"id":28,"date":"2024-11-11T13:10:45","date_gmt":"2024-11-11T13:10:45","guid":{"rendered":"https:\/\/www.accomfy.com\/?page_id=28"},"modified":"2024-11-14T08:08:40","modified_gmt":"2024-11-14T08:08:40","slug":"booking","status":"publish","type":"page","link":"https:\/\/www.accomfy.com\/en\/booking\/","title":{"rendered":"Booking"},"content":{"rendered":"<!-- Start -->\r\n<div class=\"bg bg-booking py-5 d-flex justify-content-center align-items-center\">\r\n\t<div class=\"container\">\r\n\t\t<h1 class=\"text-center text-white fw-medium fs-3 fs-lg-1 lh-base mb-4 mb-lg-5 pb-lg-5\">Book your apartment today<br>\r\n\t\t\tfor a few days, a few months, or a year!<\/h1>\r\n\t\t<ul class=\"nav nav-tabs rounded-top border-0\" role=\"tablist\">\r\n\t\t\t<li class=\"nav-item w-50\" role=\"presentation\">\r\n\t\t\t\t<button class=\"nav-link active fs-8 fs-lg-7 fw-semibold w-100 py-3 text-dark\" id=\"tab-1\" data-bs-toggle=\"tab\" data-bs-target=\"#tab-1-pane\" type=\"button\" role=\"tab\" aria-controls=\"tab-1-pane\" aria-selected=\"true\">Short-Term Rentals (2-30 days)<\/button>\r\n\t\t\t<\/li>\r\n\t\t\t<li class=\"nav-item w-50\" role=\"presentation\">\r\n\t\t\t\t<button class=\"nav-link fs-8 fs-lg-7 fw-semibold w-100 py-3 text-dark\" id=\"tab-2\" data-bs-toggle=\"tab\" data-bs-target=\"#tab-1-pane\" type=\"button\" role=\"tab\" aria-controls=\"tab-1-pane\" aria-selected=\"false\">Monthly Stays (one month or longer)<\/button>\r\n\t\t\t<\/li>\r\n\t\t<\/ul>\r\n\t\t<div class=\"tab-content p-3 rounded-bottom\" id=\"myTabContent\">\r\n\t\t\t<div class=\"tab-pane fade show active\" id=\"tab-1-pane\" role=\"tabpanel\" aria-labelledby=\"tab-1\" tabindex=\"0\">\r\n\t\t\t\t<script src=\"https:\/\/d2q3n06xhbi0am.cloudfront.net\/widget.js?1640277196\"><\/script>\r\n\t\t\t\t<script>\r\n\t\t\twindow.searchBar({\r\n\t\t\t\tbaseUrl: 'https:\/\/booking.accomfy.com\/',\r\n\t\t\t\tshowLocation: true,\r\n\t\t\t\tcolor: '#241C15',\r\n\t\t\t\trounded: true,\r\n\t\t\t\topenInNewTab: true, \/\/ or false\r\n\t\t\t\tfont: 'Poppins',\r\n\t\t\t});\r\n\t\t<\/script>\r\n\t\t\t\t<div id=\"hostaway-booking-widget\" class=\"border rounded-pill\"><\/div>\r\n\t\t\t\t<div class=\"mt-4\" id=\"hostaway-widget\">\r\n\t\t\t\t\t<div class=\"text-center\">Accommodation for one month or longer<\/div>\r\n\t\t\t\t\t<div class=\"text-center mb-3\">We offer comfortable accommodation solutions in top locations for temporary stays.<br>\r\n\t\t\t\t\t\tLet us know your needs, and we\u2019ll get back to you.<\/div>\r\n\t\t\t\t\t<div class=\"text-center mb-4\">\r\n\t\t\t\t\t\t<a href=\"\/en\/contacts\/\" class=\"btn bg-dark bg-lightorange-hover text-white text-dark-hover border border-dark rounded-pill fw-medium px-3 py-2 btn-p\">Contact us<\/a>\r\n\t\t\t\t\t<\/div>\r\n\t\t\t\t\t<div class=\"text-center fs-5 fw-semibold\">Bookings for \u2265 1 month up to 52% cheaper!<\/div>\r\n\t\t\t\t<\/div>\r\n\t\t\t<\/div>\r\n\t\t<\/div>\r\n\t<\/div>\r\n<\/div>\r\n<!-- \/Start -->\r\n\r\n<!-- Booking -->\r\n<div class=\"bg-white py-4\">\r\n\t<div class=\"container\">\r\n\t\t<iframe src=\"https:\/\/kohteet.vuokranet.fi\/accomfy\" class=\"w-100 border-0\" id=\"vuokranet\" scrolling=\"no\"><\/iframe>\r\n\t\t<style>\r\n\t\t\tdiv#app {\r\n    \t\t\tdisplay: none;\r\n\t\t\t}\r\n\t\t<\/style>\r\n\t<\/div>\r\n<\/div>\r\n<!-- \/Booking --> \r\n\r\n<!-- Numbers -->\r\n<div class=\"bg-light py-5\">\r\n\t<div class=\"container py-3\">\r\n\t\t<div class=\"row justify-content-center gx-3 gy-5 gy-lg-3\">\r\n\t\t\t<div class=\"col-6 col-lg\">\r\n\t\t\t\t<div class=\"text-center\">\r\n\t\t\t\t\t<div class=\"mb-3\">\r\n\t\t\t\t\t\t<i class=\"fa-light fa-apartment fa-2x text-orange\"><\/i>\r\n\t\t\t\t\t<\/div>\r\n\t\t\t\t\t<div class=\"fw-semibold fs-3\">2,500+<\/div>\r\n\t\t\t\t\t<div>overnight stays<br>\r\n\t\t\t\t\t\tthrough Booming.com<\/div>\r\n\t\t\t\t<\/div>\r\n\t\t\t<\/div>\r\n\t\t\t<div class=\"col-6 col-lg\">\r\n\t\t\t\t<div class=\"text-center\">\r\n\t\t\t\t\t<div class=\"mb-3\">\r\n\t\t\t\t\t\t<i class=\"fa-light fa-house-night fa-2x text-orange\"><\/i>\r\n\t\t\t\t\t<\/div>\r\n\t\t\t\t\t<div class=\"fw-semibold fs-3\">500+<\/div>\r\n\t\t\t\t\t<div>overnight stays<br>\r\n\t\t\t\t\t\tthrough AirBnB<\/div>\r\n\t\t\t\t<\/div>\r\n\t\t\t<\/div>\r\n\t\t\t<div class=\"col-6 col-lg\">\r\n\t\t\t\t<div class=\"text-center\">\r\n\t\t\t\t\t<div class=\"mb-3\">\r\n\t\t\t\t\t\t<i class=\"fa-brands fa-airbnb fa-2x text-orange\"><\/i>\r\n\t\t\t\t\t<\/div>\r\n\t\t\t\t\t<div class=\"fw-semibold fs-3\">4.5\/5<\/div>\r\n\t\t\t\t\t<div>Customer rating<br>\r\n\t\t\t\t\t\tin AirBnb<\/div>\r\n\t\t\t\t<\/div>\r\n\t\t\t<\/div>\r\n\t\t\t<div class=\"col-6 col-lg\">\r\n\t\t\t\t<div class=\"text-center\">\r\n\t\t\t\t\t<div class=\"mb-3\">\r\n\t\t\t\t\t\t<i class=\"fa-light fa-b fa-2x text-orange\"><\/i>\r\n\t\t\t\t\t<\/div>\r\n\t\t\t\t\t<div class=\"fw-semibold fs-3\">8.9\/10<\/div>\r\n\t\t\t\t\t<div>Customer rating<br>\r\n\t\t\t\t\t\tin Booking.com<\/div>\r\n\t\t\t\t<\/div>\r\n\t\t\t<\/div>\r\n\t\t<\/div>\r\n\t<\/div>\r\n<\/div>\r\n<!-- \/Numbers -->\r\n\r\n<!-- About us -->\r\n<div class=\"bg-white py-5\">\r\n\t<div class=\"container py-5\">\r\n\t\t<div class=\"row justify-content-center align-items-center gy-5 gx-lg-5\">\r\n\t\t\t<div class=\"col-lg-6\">\r\n\t\t\t\t<h2 class=\"text-center text-lg-start fw-medium display-5 mb-5\">About us<\/h2>\r\n\t\t\t\t<p class=\"text-center text-lg-start lh-lg mb-4\">Our goal is to offer comfortable and functional homes for both short-term and long-term stays. Each of our properties represents authentic Scandinavian style and comes fully equipped with all the essentials for living. Our customers appreciate the comfort, homeliness and practicality in the Nordic way.<\/p>\r\n\t\t\t\t<p class=\"text-center text-lg-start lh-lg mb-0\">We offer both furnished and unfurnished apartments in Finland, with over 10 years of experience in providing accommodation services. While we specialize in meeting the needs of business customers, we warmly welcome holiday travelers. Our portfolio includes more than 20 furnished and 50 unfurnished apartments, and each year we facilitate more than 3,000 overnight stays.<\/p>\r\n\t\t\t<\/div>\r\n\t\t\t<div class=\"col-lg-6\">\r\n\t\t\t\t<div class=\"swiper swiper-gallery rounded-5 shadow-sm\">\r\n\t\t\t\t\t<div class=\"swiper-wrapper\">\r\n\t\t\t\t\t\t<div class=\"swiper-slide\">\r\n\t\t\t\t\t\t\t<img decoding=\"async\" src=\"\/img\/h-1.jpg\" class=\"img-fluid\" alt=\"Accomfy\">\r\n\t\t\t\t\t\t<\/div>\r\n\t\t\t\t\t\t<div class=\"swiper-slide\">\r\n\t\t\t\t\t\t\t<img decoding=\"async\" src=\"\/img\/h-2.jpg\" class=\"img-fluid\" alt=\"Accomfy\">\r\n\t\t\t\t\t\t<\/div>\r\n\t\t\t\t\t\t<div class=\"swiper-slide\">\r\n\t\t\t\t\t\t\t<img decoding=\"async\" src=\"\/img\/h-3.jpg\" class=\"img-fluid\" alt=\"Accomfy\">\r\n\t\t\t\t\t\t<\/div>\r\n\t\t\t\t\t\t<div class=\"swiper-slide\">\r\n\t\t\t\t\t\t\t<img decoding=\"async\" src=\"\/img\/h-4.jpg\" class=\"img-fluid\" alt=\"Accomfy\">\r\n\t\t\t\t\t\t<\/div>\r\n\t\t\t\t\t\t<div class=\"swiper-slide\">\r\n\t\t\t\t\t\t\t<img decoding=\"async\" src=\"\/img\/h-5.jpg\" class=\"img-fluid\" alt=\"Accomfy\">\r\n\t\t\t\t\t\t<\/div>\r\n\t\t\t\t\t<\/div>\r\n\t\t\t\t<\/div>\r\n\t\t\t<\/div>\r\n\t\t<\/div>\r\n\t<\/div>\r\n<\/div>\r\n<!-- \/About us -->\r\n\r\n<!-- Customer feedback -->\r\n<div class=\"bg-beige py-5\">\r\n\t<div class=\"container py-5\">\r\n\t\t<h2 class=\"text-center fw-medium display-5 mb-4 mb-lg-5 pb-lg-3\">Customer feedback<\/h2>\r\n\t\t<div class=\"row justify-content-center\">\r\n\t\t\t<div class=\"col-lg-6\">\r\n\t\t\t\t<div class=\"swiper swiper-feedback\">\r\n\t\t\t\t\t<div class=\"swiper-wrapper align-items-center\">\r\n\t\t\t\t\t\t<div class=\"swiper-slide\">\r\n\t\t\t\t\t\t\t<div class=\"bg-white rounded-5 px-4 py-3 shadow-sm fs-7 lh-lg mb-3\">Great Location, near to the train station and Tripla Mall. We had all necessary amenities and more. The apartment was very clean and the instructions to get in were clear as well. Very friendly and helpful interaction with the host as well. And we enjoyed the coffee and welcome soo much! Thank you!<\/div>\r\n\t\t\t\t\t\t\t<div class=\"fw-semibold text-end me-4\">Benjamin, Germany<\/div>\r\n\t\t\t\t\t\t<\/div>\r\n\t\t\t\t\t\t<div class=\"swiper-slide\">\r\n\t\t\t\t\t\t\t<div class=\"bg-white rounded-5 px-4 py-3 shadow-sm fs-7 lh-lg mb-3\">I liked the spaciousness and the interior. The apartment felt like home.<\/div>\r\n\t\t\t\t\t\t\t<div class=\"fw-semibold text-end me-4\">Milja, Finland<\/div>\r\n\t\t\t\t\t\t<\/div>\r\n\t\t\t\t\t\t<div class=\"swiper-slide\">\r\n\t\t\t\t\t\t\t<div class=\"bg-white rounded-5 px-4 py-3 shadow-sm fs-7 lh-lg mb-3\">I really liked the apartments. Cozy, clean, quiet. Good location. Nearby is a shopping center and transport.<\/div>\r\n\t\t\t\t\t\t\t<div class=\"fw-semibold text-end me-4\">Viktorija, Latvia<\/div>\r\n\t\t\t\t\t\t<\/div>\r\n\t\t\t\t\t\t<div class=\"swiper-slide\">\r\n\t\t\t\t\t\t\t<div class=\"bg-white rounded-5 px-4 py-3 shadow-sm fs-7 lh-lg mb-3\">The apartment was basically brand new, very clean and included all your necessities for the kitchen etc. Location was perfect we could walk easily to plenty of restaurants and grocery store. Also Train station was a very short walk away. Highly recommend this apartment especially for small families of 4 to 5.<\/div>\r\n\t\t\t\t\t\t\t<div class=\"fw-semibold text-end me-4\">Meghaan, Poland<\/div>\r\n\t\t\t\t\t\t<\/div>\r\n\t\t\t\t\t\t<div class=\"swiper-slide\">\r\n\t\t\t\t\t\t\t<div class=\"bg-white rounded-5 px-4 py-3 shadow-sm fs-7 lh-lg mb-3\">Plenty of places to sleep. Clean accommodation in every way.<\/div>\r\n\t\t\t\t\t\t\t<div class=\"fw-semibold text-end me-4\">Jukka-Pekka, Finland<\/div>\r\n\t\t\t\t\t\t<\/div>\r\n\t\t\t\t\t\t<div class=\"swiper-slide\">\r\n\t\t\t\t\t\t\t<div class=\"bg-white rounded-5 px-4 py-3 shadow-sm fs-7 lh-lg mb-3\">The location was good, only a couple of kilometers to the center, which you could easily reach either on foot or by city bike. There was a k-shop next door and the parking spaces were in zone 3, so longer-term parking along the street was not expensive. The apartment was clean and everything you needed was found. The apartment was of sufficient size, almost spacious, even though there were 4 adults staying overnight.<\/div>\r\n\t\t\t\t\t\t\t<div class=\"fw-semibold text-end me-4\">Piia, Finland<\/div>\r\n\t\t\t\t\t\t<\/div>\r\n\t\t\t\t\t<\/div>\r\n\t\t\t\t\t<div class=\"swiper-pagination position-static mt-3\"><\/div>\r\n\t\t\t\t<\/div>\r\n\t\t\t<\/div>\r\n\t\t<\/div>\r\n\t<\/div>\r\n<\/div>\r\n<!-- \/Customer feedback -->\r\n\r\n<!-- Customer service 24\/7 -->\r\n<div class=\"bg-lightorange py-5\">\r\n\t<div class=\"container py-4 py-lg-5 my-lg-3\">\r\n\t\t<div class=\"row justify-content-center\">\r\n\t\t\t<div class=\"col-lg-6\">\r\n\t\t\t\t<h2 class=\"text-center text-lg-start fw-medium display-5 mb-4 mb-lg-5\">Customer service 24\/7<\/h2>\r\n\t\t\t\t<ul class=\"mb-4 mb-lg-5\">\r\n\t\t\t\t\t<li>Make reservation requests easily<\/li>\r\n\t\t\t\t\t<li>Find answers to frequently asked questions<\/li>\r\n\t\t\t\t\t<li>You will get help with matters related to reservation changes, cancellations, service requests, feedback and invoicing. <\/li>\r\n\t\t\t\t<\/ul>\r\n\t\t\t\t<div class=\"text-center text-lg-start\">\r\n\t\t\t\t\t<a href=\"\/en\/contacts\/\" class=\"btn bg-dark bg-lightorange-hover text-white text-dark-hover border border-dark rounded-pill fw-medium px-3 py-2 btn-p\">Contact us<\/a>\r\n\t\t\t\t<\/div>\r\n\t\t\t<\/div>\r\n\t\t<\/div>\r\n\t<\/div>\r\n<\/div>\r\n<!-- \/Customer service 24\/7 -->","protected":false},"excerpt":{"rendered":"<p>Varaa asuntosi t\u00e4st\u00e4 muutamaksi p\u00e4iv\u00e4ksi tai vaikka vuodeksi! Lyhytaikainen varaus (2-30 p\u00e4iv\u00e4\u00e4) Joustava varaus (v\u00e4h. 1 kuukausi) Majoitus kuukaudeksi tai pidemp\u00e4\u00e4n Tarjoamme mukavia majoitusratkaisuja erinomaisilla sijainneilla v\u00e4liaikaisiin majoitustarpeisiin. R\u00e4\u00e4t\u00e4l\u00f6imme tarjouksemme juuri sinun tarpeidesi mukaan. Ota yhteytt\u00e4 Yli kuukauden varaukset jopa -52% normaalihinnoista! 2,500+ y\u00f6pymist\u00e4 Booming.com:n kautta 500+ y\u00f6pymist\u00e4 AirBnB:n kautta 4.5\/5 Asiakasarvio AirBnb:ss\u00e4 8.9\/10 Asiakasarvio [&hellip;]<\/p>\n","protected":false},"author":1,"featured_media":0,"parent":0,"menu_order":2,"comment_status":"closed","ping_status":"closed","template":"","meta":{"inline_featured_image":false,"footnotes":""},"class_list":["post-28","page","type-page","status-publish","hentry"],"yoast_head":"<!-- This site is optimized with the Yoast SEO plugin v27.5 - https:\/\/yoast.com\/product\/yoast-seo-wordpress\/ -->\n<title>Varaa - Accomfy Oy<\/title>\n<meta name=\"robots\" content=\"index, follow, max-snippet:-1, max-image-preview:large, max-video-preview:-1\" \/>\n<link rel=\"canonical\" href=\"https:\/\/www.accomfy.com\/en\/booking\/\" \/>\n<meta property=\"og:locale\" content=\"en_US\" \/>\n<meta property=\"og:type\" content=\"article\" \/>\n<meta property=\"og:title\" content=\"Varaa - Accomfy Oy\" \/>\n<meta property=\"og:description\" content=\"Varaa asuntosi t\u00e4st\u00e4 muutamaksi p\u00e4iv\u00e4ksi tai vaikka vuodeksi! Lyhytaikainen varaus (2-30 p\u00e4iv\u00e4\u00e4) Joustava varaus (v\u00e4h. 1 kuukausi) Majoitus kuukaudeksi tai pidemp\u00e4\u00e4n Tarjoamme mukavia majoitusratkaisuja erinomaisilla sijainneilla v\u00e4liaikaisiin majoitustarpeisiin. R\u00e4\u00e4t\u00e4l\u00f6imme tarjouksemme juuri sinun tarpeidesi mukaan. Ota yhteytt\u00e4 Yli kuukauden varaukset jopa -52% normaalihinnoista! 2,500+ y\u00f6pymist\u00e4 Booming.com:n kautta 500+ y\u00f6pymist\u00e4 AirBnB:n kautta 4.5\/5 Asiakasarvio AirBnb:ss\u00e4 8.9\/10 Asiakasarvio [&hellip;]\" \/>\n<meta property=\"og:url\" content=\"https:\/\/www.accomfy.com\/en\/booking\/\" \/>\n<meta property=\"og:site_name\" content=\"Accomfy Oy\" \/>\n<meta property=\"article:modified_time\" content=\"2024-11-14T08:08:40+00:00\" \/>\n<meta name=\"twitter:card\" content=\"summary_large_image\" \/>\n<meta name=\"twitter:label1\" content=\"Est. reading time\" \/>\n\t<meta name=\"twitter:data1\" content=\"4 minutes\" \/>\n<script type=\"application\/ld+json\" class=\"yoast-schema-graph\">{\"@context\":\"https:\\\/\\\/schema.org\",\"@graph\":[{\"@type\":\"WebPage\",\"@id\":\"https:\\\/\\\/www.accomfy.com\\\/booking\\\/\",\"url\":\"https:\\\/\\\/www.accomfy.com\\\/booking\\\/\",\"name\":\"Varaa - Accomfy Oy\",\"isPartOf\":{\"@id\":\"https:\\\/\\\/www.accomfy.com\\\/#website\"},\"datePublished\":\"2024-11-11T13:10:45+00:00\",\"dateModified\":\"2024-11-14T08:08:40+00:00\",\"breadcrumb\":{\"@id\":\"https:\\\/\\\/www.accomfy.com\\\/booking\\\/#breadcrumb\"},\"inLanguage\":\"en-US\",\"potentialAction\":[{\"@type\":\"ReadAction\",\"target\":[\"https:\\\/\\\/www.accomfy.com\\\/booking\\\/\"]}]},{\"@type\":\"BreadcrumbList\",\"@id\":\"https:\\\/\\\/www.accomfy.com\\\/booking\\\/#breadcrumb\",\"itemListElement\":[{\"@type\":\"ListItem\",\"position\":1,\"name\":\"Home\",\"item\":\"https:\\\/\\\/www.accomfy.com\\\/\"},{\"@type\":\"ListItem\",\"position\":2,\"name\":\"Varaa\"}]},{\"@type\":\"WebSite\",\"@id\":\"https:\\\/\\\/www.accomfy.com\\\/#website\",\"url\":\"https:\\\/\\\/www.accomfy.com\\\/\",\"name\":\"Accomfy Oy\",\"description\":\"Yksi WordPress sivusto\",\"potentialAction\":[{\"@type\":\"SearchAction\",\"target\":{\"@type\":\"EntryPoint\",\"urlTemplate\":\"https:\\\/\\\/www.accomfy.com\\\/?s={search_term_string}\"},\"query-input\":{\"@type\":\"PropertyValueSpecification\",\"valueRequired\":true,\"valueName\":\"search_term_string\"}}],\"inLanguage\":\"en-US\"}]}<\/script>\n<!-- \/ Yoast SEO plugin. -->","yoast_head_json":{"title":"Varaa - Accomfy Oy","robots":{"index":"index","follow":"follow","max-snippet":"max-snippet:-1","max-image-preview":"max-image-preview:large","max-video-preview":"max-video-preview:-1"},"canonical":"https:\/\/www.accomfy.com\/en\/booking\/","og_locale":"en_US","og_type":"article","og_title":"Varaa - Accomfy Oy","og_description":"Varaa asuntosi t\u00e4st\u00e4 muutamaksi p\u00e4iv\u00e4ksi tai vaikka vuodeksi! Lyhytaikainen varaus (2-30 p\u00e4iv\u00e4\u00e4) Joustava varaus (v\u00e4h. 1 kuukausi) Majoitus kuukaudeksi tai pidemp\u00e4\u00e4n Tarjoamme mukavia majoitusratkaisuja erinomaisilla sijainneilla v\u00e4liaikaisiin majoitustarpeisiin. R\u00e4\u00e4t\u00e4l\u00f6imme tarjouksemme juuri sinun tarpeidesi mukaan. Ota yhteytt\u00e4 Yli kuukauden varaukset jopa -52% normaalihinnoista! 2,500+ y\u00f6pymist\u00e4 Booming.com:n kautta 500+ y\u00f6pymist\u00e4 AirBnB:n kautta 4.5\/5 Asiakasarvio AirBnb:ss\u00e4 8.9\/10 Asiakasarvio [&hellip;]","og_url":"https:\/\/www.accomfy.com\/en\/booking\/","og_site_name":"Accomfy Oy","article_modified_time":"2024-11-14T08:08:40+00:00","twitter_card":"summary_large_image","twitter_misc":{"Est. reading time":"4 minutes"},"schema":{"@context":"https:\/\/schema.org","@graph":[{"@type":"WebPage","@id":"https:\/\/www.accomfy.com\/booking\/","url":"https:\/\/www.accomfy.com\/booking\/","name":"Varaa - Accomfy Oy","isPartOf":{"@id":"https:\/\/www.accomfy.com\/#website"},"datePublished":"2024-11-11T13:10:45+00:00","dateModified":"2024-11-14T08:08:40+00:00","breadcrumb":{"@id":"https:\/\/www.accomfy.com\/booking\/#breadcrumb"},"inLanguage":"en-US","potentialAction":[{"@type":"ReadAction","target":["https:\/\/www.accomfy.com\/booking\/"]}]},{"@type":"BreadcrumbList","@id":"https:\/\/www.accomfy.com\/booking\/#breadcrumb","itemListElement":[{"@type":"ListItem","position":1,"name":"Home","item":"https:\/\/www.accomfy.com\/"},{"@type":"ListItem","position":2,"name":"Varaa"}]},{"@type":"WebSite","@id":"https:\/\/www.accomfy.com\/#website","url":"https:\/\/www.accomfy.com\/","name":"Accomfy Oy","description":"Yksi WordPress sivusto","potentialAction":[{"@type":"SearchAction","target":{"@type":"EntryPoint","urlTemplate":"https:\/\/www.accomfy.com\/?s={search_term_string}"},"query-input":{"@type":"PropertyValueSpecification","valueRequired":true,"valueName":"search_term_string"}}],"inLanguage":"en-US"}]}},"_links":{"self":[{"href":"https:\/\/www.accomfy.com\/en\/wp-json\/wp\/v2\/pages\/28","targetHints":{"allow":["GET"]}}],"collection":[{"href":"https:\/\/www.accomfy.com\/en\/wp-json\/wp\/v2\/pages"}],"about":[{"href":"https:\/\/www.accomfy.com\/en\/wp-json\/wp\/v2\/types\/page"}],"author":[{"embeddable":true,"href":"https:\/\/www.accomfy.com\/en\/wp-json\/wp\/v2\/users\/1"}],"replies":[{"embeddable":true,"href":"https:\/\/www.accomfy.com\/en\/wp-json\/wp\/v2\/comments?post=28"}],"version-history":[{"count":11,"href":"https:\/\/www.accomfy.com\/en\/wp-json\/wp\/v2\/pages\/28\/revisions"}],"predecessor-version":[{"id":91,"href":"https:\/\/www.accomfy.com\/en\/wp-json\/wp\/v2\/pages\/28\/revisions\/91"}],"wp:attachment":[{"href":"https:\/\/www.accomfy.com\/en\/wp-json\/wp\/v2\/media?parent=28"}],"curies":[{"name":"wp","href":"https:\/\/api.w.org\/{rel}","templated":true}]}}