{"id":41,"date":"2024-11-11T13:32:47","date_gmt":"2024-11-11T13:32:47","guid":{"rendered":"https:\/\/www.accomfy.com\/?page_id=41"},"modified":"2024-11-11T13:39:32","modified_gmt":"2024-11-11T13:39:32","slug":"for-companies","status":"publish","type":"page","link":"https:\/\/www.accomfy.com\/en\/for-companies\/","title":{"rendered":"For companies"},"content":{"rendered":"<!-- Start -->\r\n<div class=\"bg bg-for-companies py-5 d-flex justify-content-center align-items-center\">\r\n\t<div class=\"container\">\r\n\t\t<div class=\"row justify-content-center\">\r\n\t\t\t<div class=\"col-lg-8\">\r\n\t\t\t\t<h1 class=\"text-center text-white fw-medium display-5 lh-base mb-4 mb-lg-5\">Accommodation solutions,<br>\r\n\t\t\t\t\twherever your work requires<\/h1>\r\n\t\t\t\t<p class=\"text-center text-white\">Starting a project in a new location or moving to a new office?<\/p>\r\n\t\t\t\t<p class=\"text-center text-white\">We handle all the essentials, allowing you to focus on what matters most and save valuable time. We provide flexible, home-like accommodation solutions for temporary stays.<\/p>\r\n\t\t\t\t<p class=\"text-center text-white mb-4 mb-lg-5\">We gladly take orders for arranging project accommodations across Finland.<\/p>\r\n\t\t\t\t<div class=\"text-center\">\r\n\t\t\t\t\t<a href=\"\/en\/booking\/\" class=\"btn bg-lightorange text-dark rounded-pill fw-medium px-3 py-2 btn-p\">Apply for accommodation<\/a>\r\n\t\t\t\t<\/div>\r\n\t\t\t<\/div>\r\n\t\t<\/div>\r\n\t<\/div>\r\n<\/div>\r\n<!-- \/Start --> \r\n\r\n<!-- Numbers -->\r\n<div class=\"bg-light py-5\">\r\n\t<div class=\"container py-5\">\r\n\t\t<div class=\"row gx-4 gy-5\">\r\n\t\t\t<div class=\"col-lg-6\">\r\n\t\t\t\t<h2 class=\"text-center text-lg-start fw-medium display-5 mb-4 mb-lg-5\">Best homes for you and your employee<\/h2>\r\n\t\t\t\t<div class=\"text-center text-lg-start\">\r\n\t\t\t\t\t<a href=\"\/en\/contacts\/\" class=\"btn bg-dark-hover text-dark text-white-hover border border-dark rounded-pill fw-medium px-3 py-2 btn-p\">Contact us<\/a>\r\n\t\t\t\t<\/div>\r\n\t\t\t<\/div>\r\n\t\t\t<div class=\"col-lg-6 px-5 px-lg-0\">\r\n\t\t\t\t<div class=\"d-flex gap-4 gap-lg-5 pb-5\">\r\n\t\t\t\t\t<div><i class=\"fa-light fa-location-dot fa-2x text-orange\"><\/i><\/div>\r\n\t\t\t\t\t<div>\r\n\t\t\t\t\t\t<div class=\"fw-semibold fs-5 mb-3\">Central locations<\/div>\r\n\t\t\t\t\t\t<div>Our apartments are situated in prime areas within the capital region and Turku.<\/div>\r\n\t\t\t\t\t<\/div>\r\n\t\t\t\t<\/div>\r\n\t\t\t\t<div class=\"d-flex gap-4 gap-lg-5 pb-5\">\r\n\t\t\t\t\t<div><i class=\"fa-light fa-calendar-days fa-2x text-orange\"><\/i><\/div>\r\n\t\t\t\t\t<div>\r\n\t\t\t\t\t\t<div class=\"fw-semibold fs-5 mb-3\">Flexible rental terms<\/div>\r\n\t\t\t\t\t\t<div>Our strong relationships with landlords allow you to enjoy flexibility without the need for long-term lease commitments.<\/div>\r\n\t\t\t\t\t<\/div>\r\n\t\t\t\t<\/div>\r\n\t\t\t\t<div class=\"d-flex gap-4 gap-lg-5 pb-5\">\r\n\t\t\t\t\t<div><i class=\"fa-light fa-shield-check fa-2x text-orange\"><\/i><\/div>\r\n\t\t\t\t\t<div>\r\n\t\t\t\t\t\t<div class=\"fw-semibold fs-5 mb-3\">Quality and comfort<\/div>\r\n\t\t\t\t\t\t<div>As part of our quality assurance process, our team evaluates the property's condition and amenities to ensure it\u2019s move-in ready for your employees upon arrival.<\/div>\r\n\t\t\t\t\t<\/div>\r\n\t\t\t\t<\/div>\r\n\t\t\t\t<div class=\"d-flex gap-4 gap-lg-5 pb-5\">\r\n\t\t\t\t\t<div><i class=\"fa-light fa-kitchen-set fa-2x text-orange\"><\/i><\/div>\r\n\t\t\t\t\t<div>\r\n\t\t\t\t\t\t<div class=\"fw-semibold fs-5 mb-3\">Fully equipped kitchen<\/div>\r\n\t\t\t\t\t\t<div>Our furnished apartments feature fully equipped kitchens, allowing you to prepare your own meals.<\/div>\r\n\t\t\t\t\t<\/div>\r\n\t\t\t\t<\/div>\r\n\t\t\t\t<div class=\"d-flex gap-4 gap-lg-5\">\r\n\t\t\t\t\t<div><i class=\"fa-light fa-washing-machine fa-2x text-orange\"><\/i><\/div>\r\n\t\t\t\t\t<div>\r\n\t\t\t\t\t\t<div class=\"fw-semibold fs-5 mb-3\">Laundry facilities<\/div>\r\n\t\t\t\t\t\t<div>Every one of our properties is equipped with a washing machine for your convenience.<\/div>\r\n\t\t\t\t\t<\/div>\r\n\t\t\t\t<\/div>\r\n\t\t\t<\/div>\r\n\t\t<\/div>\r\n\t<\/div>\r\n<\/div>\r\n<!-- \/Numbers -->\r\n\r\n<!-- Customer service 24\/7 -->\r\n<div class=\"bg-lightorange py-5\">\r\n\t<div class=\"container py-4 py-lg-5 my-lg-3\">\r\n\t\t<div class=\"row justify-content-center\">\r\n\t\t\t<div class=\"col-lg-6\">\r\n\t\t\t\t<h2 class=\"text-center text-lg-start fw-medium display-5 mb-4 mb-lg-5\">Customer service 24\/7<\/h2>\r\n\t\t\t\t<ul class=\"mb-4 mb-lg-5\">\r\n\t\t\t\t\t<li>Make reservation requests easily<\/li>\r\n\t\t\t\t\t<li>Find answers to frequently asked questions<\/li>\r\n\t\t\t\t\t<li>You will get help with matters related to reservation changes, cancellations, service requests, feedback and invoicing. <\/li>\r\n\t\t\t\t<\/ul>\r\n\t\t\t\t<div class=\"text-center text-lg-start\">\r\n\t\t\t\t\t<a href=\"\/en\/contacts\/\" class=\"btn bg-dark bg-lightorange-hover text-white text-dark-hover border border-dark rounded-pill fw-medium px-3 py-2 btn-p\">Contact us<\/a>\r\n\t\t\t\t<\/div>\r\n\t\t\t<\/div>\r\n\t\t<\/div>\r\n\t<\/div>\r\n<\/div>\r\n<!-- \/Customer service 24\/7 -->","protected":false},"excerpt":{"rendered":"<p>Majoitusratkaisut sinne, miss\u00e4 ty\u00f6si vaatii Onko teill\u00e4 alkamassa projekti toisella paikkakunnalla tai oletteko siirtym\u00e4ss\u00e4 uuteen toimistoon? Me hoidamme kaiken tarvittavan, jotta voitte keskitty\u00e4 olennaiseen ja s\u00e4\u00e4st\u00e4\u00e4 aikaa. Tarjoamme joustavia, kodinomaisia majoitusratkaisuja tilap\u00e4isiin asumistarpeisiin. Otamme vastaan toimeksiantoja projektimajoituksen j\u00e4rjest\u00e4miseen ymp\u00e4ri Suomen. Hae majoitusta Parhaat kodit sinulle ja tiimillesi Ota yhteytt\u00e4 Keskeinen sijainti Asuntomme sijaitsevat keskeisill\u00e4 paikoilla [&hellip;]<\/p>\n","protected":false},"author":1,"featured_media":0,"parent":0,"menu_order":3,"comment_status":"closed","ping_status":"closed","template":"","meta":{"inline_featured_image":false,"footnotes":""},"class_list":["post-41","page","type-page","status-publish","hentry"],"yoast_head":"<!-- This site is optimized with the Yoast SEO plugin v27.5 - https:\/\/yoast.com\/product\/yoast-seo-wordpress\/ -->\n<title>Yrityksille - Accomfy Oy<\/title>\n<meta name=\"robots\" content=\"index, follow, max-snippet:-1, max-image-preview:large, max-video-preview:-1\" \/>\n<link rel=\"canonical\" href=\"https:\/\/www.accomfy.com\/en\/for-companies\/\" \/>\n<meta property=\"og:locale\" content=\"en_US\" \/>\n<meta property=\"og:type\" content=\"article\" \/>\n<meta property=\"og:title\" content=\"Yrityksille - Accomfy Oy\" \/>\n<meta property=\"og:description\" content=\"Majoitusratkaisut sinne, miss\u00e4 ty\u00f6si vaatii Onko teill\u00e4 alkamassa projekti toisella paikkakunnalla tai oletteko siirtym\u00e4ss\u00e4 uuteen toimistoon? Me hoidamme kaiken tarvittavan, jotta voitte keskitty\u00e4 olennaiseen ja s\u00e4\u00e4st\u00e4\u00e4 aikaa. Tarjoamme joustavia, kodinomaisia majoitusratkaisuja tilap\u00e4isiin asumistarpeisiin. Otamme vastaan toimeksiantoja projektimajoituksen j\u00e4rjest\u00e4miseen ymp\u00e4ri Suomen. Hae majoitusta Parhaat kodit sinulle ja tiimillesi Ota yhteytt\u00e4 Keskeinen sijainti Asuntomme sijaitsevat keskeisill\u00e4 paikoilla [&hellip;]\" \/>\n<meta property=\"og:url\" content=\"https:\/\/www.accomfy.com\/en\/for-companies\/\" \/>\n<meta property=\"og:site_name\" content=\"Accomfy Oy\" \/>\n<meta property=\"article:modified_time\" content=\"2024-11-11T13:39:32+00:00\" \/>\n<meta name=\"twitter:card\" content=\"summary_large_image\" \/>\n<meta name=\"twitter:label1\" content=\"Est. reading time\" \/>\n\t<meta name=\"twitter:data1\" content=\"1 minute\" \/>\n<script type=\"application\/ld+json\" class=\"yoast-schema-graph\">{\"@context\":\"https:\\\/\\\/schema.org\",\"@graph\":[{\"@type\":\"WebPage\",\"@id\":\"https:\\\/\\\/www.accomfy.com\\\/for-companies\\\/\",\"url\":\"https:\\\/\\\/www.accomfy.com\\\/for-companies\\\/\",\"name\":\"Yrityksille - Accomfy Oy\",\"isPartOf\":{\"@id\":\"https:\\\/\\\/www.accomfy.com\\\/#website\"},\"datePublished\":\"2024-11-11T13:32:47+00:00\",\"dateModified\":\"2024-11-11T13:39:32+00:00\",\"breadcrumb\":{\"@id\":\"https:\\\/\\\/www.accomfy.com\\\/for-companies\\\/#breadcrumb\"},\"inLanguage\":\"en-US\",\"potentialAction\":[{\"@type\":\"ReadAction\",\"target\":[\"https:\\\/\\\/www.accomfy.com\\\/for-companies\\\/\"]}]},{\"@type\":\"BreadcrumbList\",\"@id\":\"https:\\\/\\\/www.accomfy.com\\\/for-companies\\\/#breadcrumb\",\"itemListElement\":[{\"@type\":\"ListItem\",\"position\":1,\"name\":\"Home\",\"item\":\"https:\\\/\\\/www.accomfy.com\\\/\"},{\"@type\":\"ListItem\",\"position\":2,\"name\":\"Yrityksille\"}]},{\"@type\":\"WebSite\",\"@id\":\"https:\\\/\\\/www.accomfy.com\\\/#website\",\"url\":\"https:\\\/\\\/www.accomfy.com\\\/\",\"name\":\"Accomfy Oy\",\"description\":\"Yksi WordPress sivusto\",\"potentialAction\":[{\"@type\":\"SearchAction\",\"target\":{\"@type\":\"EntryPoint\",\"urlTemplate\":\"https:\\\/\\\/www.accomfy.com\\\/?s={search_term_string}\"},\"query-input\":{\"@type\":\"PropertyValueSpecification\",\"valueRequired\":true,\"valueName\":\"search_term_string\"}}],\"inLanguage\":\"en-US\"}]}<\/script>\n<!-- \/ Yoast SEO plugin. -->","yoast_head_json":{"title":"Yrityksille - Accomfy Oy","robots":{"index":"index","follow":"follow","max-snippet":"max-snippet:-1","max-image-preview":"max-image-preview:large","max-video-preview":"max-video-preview:-1"},"canonical":"https:\/\/www.accomfy.com\/en\/for-companies\/","og_locale":"en_US","og_type":"article","og_title":"Yrityksille - Accomfy Oy","og_description":"Majoitusratkaisut sinne, miss\u00e4 ty\u00f6si vaatii Onko teill\u00e4 alkamassa projekti toisella paikkakunnalla tai oletteko siirtym\u00e4ss\u00e4 uuteen toimistoon? Me hoidamme kaiken tarvittavan, jotta voitte keskitty\u00e4 olennaiseen ja s\u00e4\u00e4st\u00e4\u00e4 aikaa. Tarjoamme joustavia, kodinomaisia majoitusratkaisuja tilap\u00e4isiin asumistarpeisiin. Otamme vastaan toimeksiantoja projektimajoituksen j\u00e4rjest\u00e4miseen ymp\u00e4ri Suomen. Hae majoitusta Parhaat kodit sinulle ja tiimillesi Ota yhteytt\u00e4 Keskeinen sijainti Asuntomme sijaitsevat keskeisill\u00e4 paikoilla [&hellip;]","og_url":"https:\/\/www.accomfy.com\/en\/for-companies\/","og_site_name":"Accomfy Oy","article_modified_time":"2024-11-11T13:39:32+00:00","twitter_card":"summary_large_image","twitter_misc":{"Est. reading time":"1 minute"},"schema":{"@context":"https:\/\/schema.org","@graph":[{"@type":"WebPage","@id":"https:\/\/www.accomfy.com\/for-companies\/","url":"https:\/\/www.accomfy.com\/for-companies\/","name":"Yrityksille - Accomfy Oy","isPartOf":{"@id":"https:\/\/www.accomfy.com\/#website"},"datePublished":"2024-11-11T13:32:47+00:00","dateModified":"2024-11-11T13:39:32+00:00","breadcrumb":{"@id":"https:\/\/www.accomfy.com\/for-companies\/#breadcrumb"},"inLanguage":"en-US","potentialAction":[{"@type":"ReadAction","target":["https:\/\/www.accomfy.com\/for-companies\/"]}]},{"@type":"BreadcrumbList","@id":"https:\/\/www.accomfy.com\/for-companies\/#breadcrumb","itemListElement":[{"@type":"ListItem","position":1,"name":"Home","item":"https:\/\/www.accomfy.com\/"},{"@type":"ListItem","position":2,"name":"Yrityksille"}]},{"@type":"WebSite","@id":"https:\/\/www.accomfy.com\/#website","url":"https:\/\/www.accomfy.com\/","name":"Accomfy Oy","description":"Yksi WordPress sivusto","potentialAction":[{"@type":"SearchAction","target":{"@type":"EntryPoint","urlTemplate":"https:\/\/www.accomfy.com\/?s={search_term_string}"},"query-input":{"@type":"PropertyValueSpecification","valueRequired":true,"valueName":"search_term_string"}}],"inLanguage":"en-US"}]}},"_links":{"self":[{"href":"https:\/\/www.accomfy.com\/en\/wp-json\/wp\/v2\/pages\/41","targetHints":{"allow":["GET"]}}],"collection":[{"href":"https:\/\/www.accomfy.com\/en\/wp-json\/wp\/v2\/pages"}],"about":[{"href":"https:\/\/www.accomfy.com\/en\/wp-json\/wp\/v2\/types\/page"}],"author":[{"embeddable":true,"href":"https:\/\/www.accomfy.com\/en\/wp-json\/wp\/v2\/users\/1"}],"replies":[{"embeddable":true,"href":"https:\/\/www.accomfy.com\/en\/wp-json\/wp\/v2\/comments?post=41"}],"version-history":[{"count":5,"href":"https:\/\/www.accomfy.com\/en\/wp-json\/wp\/v2\/pages\/41\/revisions"}],"predecessor-version":[{"id":46,"href":"https:\/\/www.accomfy.com\/en\/wp-json\/wp\/v2\/pages\/41\/revisions\/46"}],"wp:attachment":[{"href":"https:\/\/www.accomfy.com\/en\/wp-json\/wp\/v2\/media?parent=41"}],"curies":[{"name":"wp","href":"https:\/\/api.w.org\/{rel}","templated":true}]}}