{"id":47,"date":"2024-11-11T13:39:54","date_gmt":"2024-11-11T13:39:54","guid":{"rendered":"https:\/\/www.accomfy.com\/?page_id=47"},"modified":"2024-11-11T14:53:12","modified_gmt":"2024-11-11T14:53:12","slug":"services","status":"publish","type":"page","link":"https:\/\/www.accomfy.com\/en\/services\/","title":{"rendered":"Services for Landlords"},"content":{"rendered":"<!-- Start -->\r\n<div class=\"bg bg-services py-5 d-flex justify-content-center align-items-center\">\r\n\t<div class=\"container\">\r\n\t\t<h1 class=\"text-center text-white fw-medium display-5 lh-base mb-0\">Services for Landlords<\/h1>\r\n\t<\/div>\r\n<\/div>\r\n<!-- \/Start -->\r\n\r\n<!-- Services -->\r\n<div class=\"bg-light py-5\">\r\n\t<div class=\"container py-5\">\r\n\t\t<div class=\"row justify-content-center\">\r\n\t\t\t<div class=\"col-lg-8\">\r\n\t\t\t\t<p class=\"text-center text-lg-start lh-lg mb-4\">Dear Homeowner, Now is the perfect time to turn your home into a source of cash flow. We help you maximize your rental income easily and without risk. Choose the service package that best suits your needs\u2014manage your property independently with our efficient digital tools, or leave everything to us.We are your ideal partner for streamlining your short-term rental business and saving time. If you value convenience and peace of mind, rest assured we will care for your property as if it were our own.<\/p>\r\n\t\t\t\t<p class=\"text-center text-lg-start lh-lg mb-0\">We ensure your apartment consistently delivers optimal returns while providing a pleasant experience for every guest.<\/p>\r\n\t\t\t<\/div>\r\n\t\t<\/div>\r\n\t<\/div>\r\n<\/div>\r\n<!-- \/Services -->\r\n\r\n<!-- Our advantage -->\r\n<div class=\"bg-white py-5\">\r\n\t<div class=\"container py-5\">\r\n\t\t<h2 class=\"text-center fw-medium display-5 mb-5 pb-3 pb-lg-5\">Our Advantage<\/h2>\r\n\t\t<div class=\"row gx-4 gx-lg-5 gy-5\">\r\n\t\t\t<div class=\"col-lg\">\r\n\t\t\t\t<div class=\"text-center mb-4\"><i class=\"fa-light fa-file-contract fa-3x\"><\/i><\/div>\r\n\t\t\t\t<div class=\"text-center\">We handle customer acquisition for you, meeting the ongoing demand for short- and medium-term accommodations.<\/div>\r\n\t\t\t<\/div>\r\n\t\t\t<div class=\"col-lg\">\r\n\t\t\t\t<div class=\"text-center mb-4\"><i class=\"fa-light fa-megaphone fa-3x\"><\/i><\/div>\r\n\t\t\t\t<div class=\"text-center\">Your property is listed on multiple accommodation platforms, including our own Accomfy website.<\/div>\r\n\t\t\t<\/div>\r\n\t\t\t<div class=\"col-lg\">\r\n\t\t\t\t<div class=\"text-center mb-4\"><i class=\"fa-light fa-arrows-rotate fa-3x\"><\/i><\/div>\r\n\t\t\t\t<div class=\"text-center\">Automated processes streamline short-term rentals, with 75% of daily operations automated (e.g., communication, pricing, smart lock integrations, and cleaners' interface).<\/div>\r\n\t\t\t<\/div>\r\n\t\t\t<div class=\"col-lg\">\r\n\t\t\t\t<div class=\"text-center mb-4\"><i class=\"fa-light fa-expand fa-3x\"><\/i><\/div>\r\n\t\t\t\t<div class=\"text-center\">Enjoy the flexibility to decide how much you want to be involved in the management of your property.<\/div>\r\n\t\t\t<\/div>\r\n\t\t<\/div>\r\n\t<\/div>\r\n<\/div>\r\n<!-- \/Our advantage -->\r\n\r\n<!-- Services -->\r\n<div class=\"bg-light py-5\">\r\n\t<div class=\"container py-5\">\r\n\t\t<h2 class=\"text-center fw-medium display-5 mb-5 pb-3 pb-lg-5\">Our services<\/h2>\r\n\t\t<div class=\"row justify-content-center\">\r\n\t\t\t<div class=\"col-lg-6\">\r\n\t\t\t\t<ul class=\"mb-0\">\r\n\t\t\t\t\t<li>Starter package: platform use<\/li>\r\n\t\t\t\t\t<li class=\"mb-2\">All incl package: (full) outsourcing - can also take only parts, e.g. only communication<\/li>\r\n\t\t\t\t\t<ul>\r\n\t\t\t\t\t\t<li>Starter-paketti<\/li>\r\n\t\t\t\t\t<\/ul>\r\n\t\t\t\t\t<p class=\"my-2\">you choose:<\/p>\r\n\t\t\t\t\t<ul>\r\n\t\t\t\t\t\t<li>Communication outsourcing<\/li>\r\n\t\t\t\t\t\t<li>Cleaning outsourcing<\/li>\r\n\t\t\t\t\t<\/ul>\r\n\t\t\t\t<\/ul>\r\n\t\t\t<\/div>\r\n\t\t<\/div>\r\n\t<\/div>\r\n<\/div>\r\n<!-- \/Services -->\r\n\r\n<!-- This is how our service works -->\r\n<div class=\"bg-beige py-5\">\r\n\t<div class=\"container py-5\">\r\n\t\t<div class=\"row gx-4 gy-5\">\r\n\t\t\t<div class=\"col-lg-6\">\r\n\t\t\t\t<h2 class=\"text-center text-lg-start fw-medium display-5\">This is how our service works<\/h2>\r\n\t\t\t<\/div>\r\n\t\t\t<div class=\"col-lg-6 px-5 px-lg-0\">\r\n\t\t\t\t<div class=\"d-flex gap-4 gap-lg-5 pb-5\">\r\n\t\t\t\t\t<div><i class=\"fa-light fa-circle-1 fa-2x\"><\/i><\/div>\r\n\t\t\t\t\t<div>\r\n\t\t\t\t\t\t<div class=\"fw-semibold fs-5 mb-3\">Contact<\/div>\r\n\t\t\t\t\t\t<div>Contact us, and we\u2019ll help you find the best solution tailored to your needs.<\/div>\r\n\t\t\t\t\t<\/div>\r\n\t\t\t\t<\/div>\r\n\t\t\t\t<div class=\"d-flex gap-4 gap-lg-5 pb-5\">\r\n\t\t\t\t\t<div><i class=\"fa-light fa-circle-2 fa-2x\"><\/i><\/div>\r\n\t\t\t\t\t<div>\r\n\t\t\t\t\t\t<div class=\"fw-semibold fs-5 mb-3\">Viewing the apartment<\/div>\r\n\t\t\t\t\t\t<div>We\u2019ll visit your apartment and provide you with an offer.<\/div>\r\n\t\t\t\t\t<\/div>\r\n\t\t\t\t<\/div>\r\n\t\t\t\t<div class=\"d-flex gap-4 gap-lg-5 pb-5\">\r\n\t\t\t\t\t<div><i class=\"fa-light fa-circle-3 fa-2x\"><\/i><\/div>\r\n\t\t\t\t\t<div>\r\n\t\t\t\t\t\t<div class=\"fw-semibold fs-5 mb-3\">Furniture<\/div>\r\n\t\t\t\t\t\t<div>If the apartment needs furnishing, you can handle it yourself, or we can take care of it for you.<\/div>\r\n\t\t\t\t\t<\/div>\r\n\t\t\t\t<\/div>\r\n\t\t\t\t<div class=\"d-flex gap-4 gap-lg-5 pb-5\">\r\n\t\t\t\t\t<div><i class=\"fa-light fa-circle-4 fa-2x\"><\/i><\/div>\r\n\t\t\t\t\t<div>\r\n\t\t\t\t\t\t<div class=\"fw-semibold fs-5 mb-3\">Fully equipped kitchen<\/div>\r\n\t\t\t\t\t\t<div>Accomfy ensures the best possible return through a transparent income distribution model. Profits are shared fairly, and you won\u2019t need to worry about administrative tasks\u2014we handle everything for you, providing your share risk-free.<\/div>\r\n\t\t\t\t\t<\/div>\r\n\t\t\t\t<\/div>\r\n\t\t\t\t<div class=\"d-flex gap-4 gap-lg-5\">\r\n\t\t\t\t\t<div><i class=\"fa-light fa-circle-5 fa-2x\"><\/i><\/div>\r\n\t\t\t\t\t<div>\r\n\t\t\t\t\t\t<div class=\"fw-semibold fs-5\">Rent out your apartment with Accomfy!<\/div>\r\n\t\t\t\t\t<\/div>\r\n\t\t\t\t<\/div>\r\n\t\t\t<\/div>\r\n\t\t<\/div>\r\n\t<\/div>\r\n<\/div>\r\n<!-- \/This is how our service works -->\r\n\r\n<!-- Accomfy in numbers -->\r\n<div class=\"bg-light py-5\">\r\n\t<div class=\"container py-3\">\r\n\t\t<!-- <h2 class=\"text-center fw-medium display-5 mb-5 pb-3 pb-lg-5\">Accomfy lukuina<\/h2> -->\r\n\t\t<div class=\"row justify-content-center gx-3 gy-5 gy-lg-3\">\r\n\t\t\t<div class=\"col-6 col-lg\">\r\n\t\t\t\t<div class=\"text-center\">\r\n\t\t\t\t\t<div class=\"mb-3\">\r\n\t\t\t\t\t\t<i class=\"fa-light fa-apartment fa-2x text-orange\"><\/i>\r\n\t\t\t\t\t<\/div>\r\n\t\t\t\t\t<div class=\"fw-semibold fs-3\">60+<\/div>\r\n\t\t\t\t\t<div>apartments<\/div>\r\n\t\t\t\t<\/div>\r\n\t\t\t<\/div>\r\n\t\t\t<div class=\"col-6 col-lg\">\r\n\t\t\t\t<div class=\"text-center\">\r\n\t\t\t\t\t<div class=\"mb-3\">\r\n\t\t\t\t\t\t<i class=\"fa-light fa-house-night fa-2x text-orange\"><\/i>\r\n\t\t\t\t\t<\/div>\r\n\t\t\t\t\t<div class=\"fw-semibold fs-3\">3000+<\/div>\r\n\t\t\t\t\t<div>overnight stays<br>\r\n\t\t\t\t\t\tper year<\/div>\r\n\t\t\t\t<\/div>\r\n\t\t\t<\/div>\r\n\t\t\t<div class=\"col-6 col-lg\">\r\n\t\t\t\t<div class=\"text-center\">\r\n\t\t\t\t\t<div class=\"mb-3\">\r\n\t\t\t\t\t\t<i class=\"fa-light fa-calendar-days fa-2x text-orange\"><\/i>\r\n\t\t\t\t\t<\/div>\r\n\t\t\t\t\t<div class=\"fw-semibold fs-3\">100+<\/div>\r\n\t\t\t\t\t<div>long term<br>\r\n\t\t\t\t\t\ttenants<\/div>\r\n\t\t\t\t<\/div>\r\n\t\t\t<\/div>\r\n\t\t\t<div class=\"col-6 col-lg\">\r\n\t\t\t\t<div class=\"text-center\">\r\n\t\t\t\t\t<div class=\"mb-3\">\r\n\t\t\t\t\t\t<i class=\"fa-light fa-shield-check fa-2x text-orange\"><\/i>\r\n\t\t\t\t\t<\/div>\r\n\t\t\t\t\t<div class=\"fw-semibold fs-3\">10+<\/div>\r\n\t\t\t\t\t<div>years of experience<br>\r\n\t\t\t\t\t\tin accommodation<\/div>\r\n\t\t\t\t<\/div>\r\n\t\t\t<\/div>\r\n\t\t\t<div class=\"col-6 col-lg\">\r\n\t\t\t\t<div class=\"text-center\">\r\n\t\t\t\t\t<div class=\"mb-3\">\r\n\t\t\t\t\t\t<i class=\"fa-light fa-comment fa-2x text-orange\"><\/i>\r\n\t\t\t\t\t<\/div>\r\n\t\t\t\t\t<div class=\"fw-semibold fs-3\">300+<\/div>\r\n\t\t\t\t\t<div>customer feedback<\/div>\r\n\t\t\t\t<\/div>\r\n\t\t\t<\/div>\r\n\t\t<\/div>\r\n\t\t<!-- <div class=\"row justify-content-center g-3\">\r\n\t\t\t<div class=\"col-lg-3\">\r\n\t\t\t\t<div class=\"text-center bg-brand-airbnb text-white border p-3 p-lg-4 rounded-4\">\r\n\t\t\t\t\t<div class=\"mb-2\">\r\n\t\t\t\t\t\t<i class=\"fa-brands fa-airbnb fa-2x\"><\/i>\r\n\t\t\t\t\t<\/div>\r\n\t\t\t\t\t<div class=\"fw-semibold fs-3\">4.5\/5<\/div>\r\n\t\t\t\t\t<div>Asiakasarvio<br>\r\n\t\t\t\t\t\tAirBnb:ss\u00e4<\/div>\r\n\t\t\t\t<\/div>\r\n\t\t\t<\/div>\r\n\t\t\t<div class=\"col-lg-3\">\r\n\t\t\t\t<div class=\"text-center bg-brand-booking text-white border p-3 p-lg-4 rounded-4\">\r\n\t\t\t\t\t<div class=\"mb-2\">\r\n\t\t\t\t\t\t<i class=\"fa-light fa-b fa-2x\"><\/i>\r\n\t\t\t\t\t<\/div>\r\n\t\t\t\t\t<div class=\"fw-semibold fs-3\">8.9\/10<\/div>\r\n\t\t\t\t\t<div>Asiakasarvio<br>\r\n\t\t\t\t\t\tBooking.com:ssa<\/div>\r\n\t\t\t\t<\/div>\r\n\t\t\t<\/div>\r\n\t\t<\/div> -->\r\n\t<\/div>\r\n<\/div>\r\n<!-- \/Accomfy in numbers -->\r\n\r\n<!-- Form -->\r\n<div class=\"bg-white py-5\">\r\n\t<div class=\"container py-5\">\r\n\t\t<div class=\"row justify-content-center\">\r\n\t\t\t<div class=\"col-lg-6\">\r\n\t\t\t\t<h2 class=\"text-center fw-medium fs-1 mb-5\">Leave your contact information, and we will tell you more about our services<\/h2>\r\n\t\t\t\t\n<div class=\"wpcf7 no-js\" id=\"wpcf7-f12-o1\" lang=\"en\" dir=\"ltr\" data-wpcf7-id=\"12\">\n<div class=\"screen-reader-response\"><p role=\"status\" aria-live=\"polite\" aria-atomic=\"true\"><\/p> <ul><\/ul><\/div>\n<form action=\"\/en\/wp-json\/wp\/v2\/pages\/47#wpcf7-f12-o1\" method=\"post\" class=\"wpcf7-form init\" aria-label=\"Contact form\" novalidate=\"novalidate\" data-status=\"init\" data-trp-original-action=\"\/en\/wp-json\/wp\/v2\/pages\/47#wpcf7-f12-o1\">\n<fieldset class=\"hidden-fields-container\"><input type=\"hidden\" name=\"_wpcf7\" value=\"12\" \/><input type=\"hidden\" name=\"_wpcf7_version\" value=\"6.1.5\" \/><input type=\"hidden\" name=\"_wpcf7_locale\" value=\"en\" \/><input type=\"hidden\" name=\"_wpcf7_unit_tag\" value=\"wpcf7-f12-o1\" \/><input type=\"hidden\" name=\"_wpcf7_container_post\" value=\"0\" \/><input type=\"hidden\" name=\"_wpcf7_posted_data_hash\" value=\"\" \/>\n<\/fieldset>\n<div class=\"mb-4\">\n\t<p><label for=\"form-name\" class=\"form-label\">First Name<\/label><br \/>\n<span class=\"wpcf7-form-control-wrap\" data-name=\"Name\"><input size=\"40\" maxlength=\"400\" class=\"wpcf7-form-control wpcf7-text form-control rounded-4 py-2 shadow-sm\" id=\"form-name\" autocomplete=\"email\" aria-invalid=\"false\" value=\"\" type=\"text\" name=\"Name\" \/><\/span>\n\t<\/p>\n<\/div>\n<div class=\"mb-4\">\n\t<p><label for=\"form-surname\" class=\"form-label\">Last Name<\/label><br \/>\n<span class=\"wpcf7-form-control-wrap\" data-name=\"Surname\"><input size=\"40\" maxlength=\"400\" class=\"wpcf7-form-control wpcf7-text form-control rounded-4 py-2 shadow-sm\" id=\"form-surname\" autocomplete=\"email\" aria-invalid=\"false\" value=\"\" type=\"text\" name=\"Surname\" \/><\/span>\n\t<\/p>\n<\/div>\n<div class=\"mb-4\">\n\t<p><label for=\"form-email\" class=\"form-label\">E-mail<\/label><br \/>\n<span class=\"wpcf7-form-control-wrap\" data-name=\"Email\"><input size=\"40\" maxlength=\"400\" class=\"wpcf7-form-control wpcf7-email wpcf7-validates-as-required wpcf7-text wpcf7-validates-as-email form-control rounded-4 py-2 shadow-sm\" id=\"form-email\" autocomplete=\"email\" aria-required=\"true\" aria-invalid=\"false\" value=\"\" type=\"email\" name=\"Email\" \/><\/span>\n\t<\/p>\n<\/div>\n<div class=\"mb-4\">\n\t<p><label for=\"form-phone\" class=\"form-label\">Phone Number<\/label><br \/>\n<span class=\"wpcf7-form-control-wrap\" data-name=\"Phone\"><input size=\"40\" maxlength=\"400\" class=\"wpcf7-form-control wpcf7-tel wpcf7-validates-as-required wpcf7-text wpcf7-validates-as-tel form-control rounded-4 py-2 shadow-sm\" id=\"form-phone\" autocomplete=\"email\" aria-required=\"true\" aria-invalid=\"false\" value=\"\" type=\"tel\" name=\"Phone\" \/><\/span>\n\t<\/p>\n\t<div id=\"phone-desc\" class=\"form-text\">\n\t\t<p>Please enter your phone number in the international format, starting with + followed by the country code and your number.\n\t\t<\/p>\n\t<\/div>\n<\/div>\n<div class=\"mb-4\">\n\t<p><span class=\"wpcf7-form-control-wrap\" data-name=\"Message\"><textarea cols=\"40\" rows=\"5\" maxlength=\"2000\" class=\"wpcf7-form-control wpcf7-textarea form-control rounded-4 py-2 shadow-sm\" aria-invalid=\"false\" placeholder=\"Message to the Accomfy Team\" name=\"Message\"><\/textarea><\/span>\n\t<\/p>\n<\/div>\n<p><input class=\"wpcf7-form-control wpcf7-submit has-spinner btn bg-lightorange text-dark rounded-pill fw-medium px-3 py-2 btn-p\" type=\"submit\" value=\"Send\" \/>\n<\/p><div class=\"wpcf7-response-output\" aria-hidden=\"true\"><\/div>\n<input type=\"hidden\" name=\"trp-form-language\" value=\"en\"\/><\/form>\n<\/div>\n\r\n\t\t\t<\/div>\r\n\t\t<\/div>\r\n\t<\/div>\r\n<\/div>\r\n<!-- \/Form -->","protected":false},"excerpt":{"rendered":"<p>Asunnonomistajille Hyv\u00e4 asunnonomistaja, nyt on loistava hetki laittaa asuntosi tuottamaan. Autamme sinua maksimoimaan kassavirran helposti ja riskitt\u00f6m\u00e4sti. Voit valita sinulle sopivan palvelupaketin \u2013 hallinnoi asuntosi vuokrausta itsen\u00e4isesti tehokkaiden ty\u00f6kalujemme avulla tai ulkoista kaikki meille. Olemme oikea kumppani, kun haluat tehostaa lyhytvuokrausliiketoimintaasi ja s\u00e4\u00e4st\u00e4\u00e4 aikaa. Jos arvostat vaivattomuutta, helppoutta ja t\u00e4ysulkoistusta, huolehdimme asunnostasi kuin omastamme. Varmistamme, [&hellip;]<\/p>\n","protected":false},"author":1,"featured_media":0,"parent":0,"menu_order":4,"comment_status":"closed","ping_status":"closed","template":"","meta":{"inline_featured_image":false,"footnotes":""},"class_list":["post-47","page","type-page","status-publish","hentry"],"yoast_head":"<!-- This site is optimized with the Yoast SEO plugin v27.5 - https:\/\/yoast.com\/product\/yoast-seo-wordpress\/ -->\n<title>Asunnonomistajille - Accomfy Oy<\/title>\n<meta name=\"robots\" content=\"index, follow, max-snippet:-1, max-image-preview:large, max-video-preview:-1\" \/>\n<link rel=\"canonical\" href=\"https:\/\/www.accomfy.com\/en\/services\/\" \/>\n<meta property=\"og:locale\" content=\"en_US\" \/>\n<meta property=\"og:type\" content=\"article\" \/>\n<meta property=\"og:title\" content=\"Asunnonomistajille - Accomfy Oy\" \/>\n<meta property=\"og:description\" content=\"Asunnonomistajille Hyv\u00e4 asunnonomistaja, nyt on loistava hetki laittaa asuntosi tuottamaan. Autamme sinua maksimoimaan kassavirran helposti ja riskitt\u00f6m\u00e4sti. Voit valita sinulle sopivan palvelupaketin \u2013 hallinnoi asuntosi vuokrausta itsen\u00e4isesti tehokkaiden ty\u00f6kalujemme avulla tai ulkoista kaikki meille. Olemme oikea kumppani, kun haluat tehostaa lyhytvuokrausliiketoimintaasi ja s\u00e4\u00e4st\u00e4\u00e4 aikaa. Jos arvostat vaivattomuutta, helppoutta ja t\u00e4ysulkoistusta, huolehdimme asunnostasi kuin omastamme. Varmistamme, [&hellip;]\" \/>\n<meta property=\"og:url\" content=\"https:\/\/www.accomfy.com\/en\/services\/\" \/>\n<meta property=\"og:site_name\" content=\"Accomfy Oy\" \/>\n<meta property=\"article:modified_time\" content=\"2024-11-11T14:53:12+00:00\" \/>\n<meta name=\"twitter:card\" content=\"summary_large_image\" \/>\n<meta name=\"twitter:label1\" content=\"Est. reading time\" \/>\n\t<meta name=\"twitter:data1\" content=\"2 minutes\" \/>\n<script type=\"application\/ld+json\" class=\"yoast-schema-graph\">{\"@context\":\"https:\\\/\\\/schema.org\",\"@graph\":[{\"@type\":\"WebPage\",\"@id\":\"https:\\\/\\\/www.accomfy.com\\\/services\\\/\",\"url\":\"https:\\\/\\\/www.accomfy.com\\\/services\\\/\",\"name\":\"Asunnonomistajille - Accomfy Oy\",\"isPartOf\":{\"@id\":\"https:\\\/\\\/www.accomfy.com\\\/#website\"},\"datePublished\":\"2024-11-11T13:39:54+00:00\",\"dateModified\":\"2024-11-11T14:53:12+00:00\",\"breadcrumb\":{\"@id\":\"https:\\\/\\\/www.accomfy.com\\\/services\\\/#breadcrumb\"},\"inLanguage\":\"en-US\",\"potentialAction\":[{\"@type\":\"ReadAction\",\"target\":[\"https:\\\/\\\/www.accomfy.com\\\/services\\\/\"]}]},{\"@type\":\"BreadcrumbList\",\"@id\":\"https:\\\/\\\/www.accomfy.com\\\/services\\\/#breadcrumb\",\"itemListElement\":[{\"@type\":\"ListItem\",\"position\":1,\"name\":\"Home\",\"item\":\"https:\\\/\\\/www.accomfy.com\\\/\"},{\"@type\":\"ListItem\",\"position\":2,\"name\":\"Asunnonomistajille\"}]},{\"@type\":\"WebSite\",\"@id\":\"https:\\\/\\\/www.accomfy.com\\\/#website\",\"url\":\"https:\\\/\\\/www.accomfy.com\\\/\",\"name\":\"Accomfy Oy\",\"description\":\"Yksi WordPress sivusto\",\"potentialAction\":[{\"@type\":\"SearchAction\",\"target\":{\"@type\":\"EntryPoint\",\"urlTemplate\":\"https:\\\/\\\/www.accomfy.com\\\/?s={search_term_string}\"},\"query-input\":{\"@type\":\"PropertyValueSpecification\",\"valueRequired\":true,\"valueName\":\"search_term_string\"}}],\"inLanguage\":\"en-US\"}]}<\/script>\n<!-- \/ Yoast SEO plugin. -->","yoast_head_json":{"title":"Asunnonomistajille - Accomfy Oy","robots":{"index":"index","follow":"follow","max-snippet":"max-snippet:-1","max-image-preview":"max-image-preview:large","max-video-preview":"max-video-preview:-1"},"canonical":"https:\/\/www.accomfy.com\/en\/services\/","og_locale":"en_US","og_type":"article","og_title":"Asunnonomistajille - Accomfy Oy","og_description":"Asunnonomistajille Hyv\u00e4 asunnonomistaja, nyt on loistava hetki laittaa asuntosi tuottamaan. Autamme sinua maksimoimaan kassavirran helposti ja riskitt\u00f6m\u00e4sti. Voit valita sinulle sopivan palvelupaketin \u2013 hallinnoi asuntosi vuokrausta itsen\u00e4isesti tehokkaiden ty\u00f6kalujemme avulla tai ulkoista kaikki meille. Olemme oikea kumppani, kun haluat tehostaa lyhytvuokrausliiketoimintaasi ja s\u00e4\u00e4st\u00e4\u00e4 aikaa. Jos arvostat vaivattomuutta, helppoutta ja t\u00e4ysulkoistusta, huolehdimme asunnostasi kuin omastamme. Varmistamme, [&hellip;]","og_url":"https:\/\/www.accomfy.com\/en\/services\/","og_site_name":"Accomfy Oy","article_modified_time":"2024-11-11T14:53:12+00:00","twitter_card":"summary_large_image","twitter_misc":{"Est. reading time":"2 minutes"},"schema":{"@context":"https:\/\/schema.org","@graph":[{"@type":"WebPage","@id":"https:\/\/www.accomfy.com\/services\/","url":"https:\/\/www.accomfy.com\/services\/","name":"Asunnonomistajille - Accomfy Oy","isPartOf":{"@id":"https:\/\/www.accomfy.com\/#website"},"datePublished":"2024-11-11T13:39:54+00:00","dateModified":"2024-11-11T14:53:12+00:00","breadcrumb":{"@id":"https:\/\/www.accomfy.com\/services\/#breadcrumb"},"inLanguage":"en-US","potentialAction":[{"@type":"ReadAction","target":["https:\/\/www.accomfy.com\/services\/"]}]},{"@type":"BreadcrumbList","@id":"https:\/\/www.accomfy.com\/services\/#breadcrumb","itemListElement":[{"@type":"ListItem","position":1,"name":"Home","item":"https:\/\/www.accomfy.com\/"},{"@type":"ListItem","position":2,"name":"Asunnonomistajille"}]},{"@type":"WebSite","@id":"https:\/\/www.accomfy.com\/#website","url":"https:\/\/www.accomfy.com\/","name":"Accomfy Oy","description":"Yksi WordPress sivusto","potentialAction":[{"@type":"SearchAction","target":{"@type":"EntryPoint","urlTemplate":"https:\/\/www.accomfy.com\/?s={search_term_string}"},"query-input":{"@type":"PropertyValueSpecification","valueRequired":true,"valueName":"search_term_string"}}],"inLanguage":"en-US"}]}},"_links":{"self":[{"href":"https:\/\/www.accomfy.com\/en\/wp-json\/wp\/v2\/pages\/47","targetHints":{"allow":["GET"]}}],"collection":[{"href":"https:\/\/www.accomfy.com\/en\/wp-json\/wp\/v2\/pages"}],"about":[{"href":"https:\/\/www.accomfy.com\/en\/wp-json\/wp\/v2\/types\/page"}],"author":[{"embeddable":true,"href":"https:\/\/www.accomfy.com\/en\/wp-json\/wp\/v2\/users\/1"}],"replies":[{"embeddable":true,"href":"https:\/\/www.accomfy.com\/en\/wp-json\/wp\/v2\/comments?post=47"}],"version-history":[{"count":9,"href":"https:\/\/www.accomfy.com\/en\/wp-json\/wp\/v2\/pages\/47\/revisions"}],"predecessor-version":[{"id":75,"href":"https:\/\/www.accomfy.com\/en\/wp-json\/wp\/v2\/pages\/47\/revisions\/75"}],"wp:attachment":[{"href":"https:\/\/www.accomfy.com\/en\/wp-json\/wp\/v2\/media?parent=47"}],"curies":[{"name":"wp","href":"https:\/\/api.w.org\/{rel}","templated":true}]}}