{"id":55,"date":"2024-11-11T13:52:25","date_gmt":"2024-11-11T13:52:25","guid":{"rendered":"https:\/\/www.accomfy.com\/?page_id=55"},"modified":"2024-11-11T14:03:57","modified_gmt":"2024-11-11T14:03:57","slug":"seniors","status":"publish","type":"page","link":"https:\/\/www.accomfy.com\/en\/seniors\/","title":{"rendered":"Seniors"},"content":{"rendered":"<div class=\"bg-white py-5\">\r\n\t<div class=\"container py-5\">\r\n\t\t<h1 class=\"text-center fw-medium mb-5 pb-3 pb-lg-5\">A passion for creating spaces<\/h1>\r\n\t\t<div class=\"row g-4 g-lg-5\">\r\n\t\t\t<div class=\"col-lg-4\">\r\n\t\t\t\t<div class=\"mb-4\"><i class=\"fa-light fa-asterisk fa-2x text-dark\"><\/i><\/div>\r\n\t\t\t\t<div class=\"fw-semibold mb-2\">A Commitment to Comfort and Innovation<\/div>\r\n\t\t\t\t<div>At Accomfy (accommodate comfy), we combine cutting-edge technology with a focus on creating comfortable, home-like living spaces for seniors. Our goal is to revolutionize the housing market with a solution that prioritizes accessibility, convenience, and a tailored experience for every resident.<\/div>\r\n\t\t\t<\/div>\r\n\t\t\t<div class=\"col-lg-4\">\r\n\t\t\t\t<div class=\"mb-4\"><i class=\"fa-light fa-asterisk fa-2x text-dark\"><\/i><\/div>\r\n\t\t\t\t<div class=\"fw-semibold mb-2\">About Us  <\/div>\r\n\t\t\t\t<div>Whether you need short-term, mid-term, or long-term accommodation solutions, Accomfy provides a range of senior-friendly properties that balance style, functionality, and ease of use. Our goal is to ensure that every stay feels like home, offering tailored solutions designed with the specific needs of seniors in mind.<\/div>\r\n\t\t\t<\/div>\r\n\t\t\t<div class=\"col-lg-4\">\r\n\t\t\t\t<div class=\"mb-4\"><i class=\"fa-light fa-asterisk fa-2x text-dark\"><\/i><\/div>\r\n\t\t\t\t<div class=\"fw-semibold mb-2\">Accessible and Senior-Friendly Accommodations<\/div>\r\n\t\t\t\t<div>Our accommodations are equipped to meet the unique needs of seniors. Whether staying for a few days or several months, we provide thoughtfully designed, accessible apartments that prioritize mobility, comfort, and proximity to essential services and care providers.<\/div>\r\n\t\t\t<\/div>\r\n\t\t\t<div class=\"col-lg-4\">\r\n\t\t\t\t<div class=\"mb-4\"><i class=\"fa-light fa-asterisk fa-2x text-dark\"><\/i><\/div>\r\n\t\t\t\t<div class=\"fw-semibold mb-2\">AI-Powered Solutions for Tailored Comfort  <\/div>\r\n\t\t\t\t<div>Our innovative platform uses AI to match seniors with accommodations that best fit their needs, considering factors such as accessibility, cost, proximity to family or care, and mobility features. Our system also suggests furniture and other adaptive solutions for a seamless living experience.<\/div>\r\n\t\t\t<\/div>\r\n\t\t\t<div class=\"col-lg-4\">\r\n\t\t\t\t<div class=\"mb-4\"><i class=\"fa-light fa-asterisk fa-2x text-dark\"><\/i><\/div>\r\n\t\t\t\t<div class=\"fw-semibold mb-2\">Dedicated Support and Seamless Integration<\/div>\r\n\t\t\t\t<div>From the moment you book until your stay ends, our team is ready to assist. Through our AI-powered app, you can manage bookings, extend stays, and communicate effortlessly, ensuring an efficient and comfortable rental process.<\/div>\r\n\t\t\t<\/div>\r\n\t\t\t<div class=\"col-lg-4\">\r\n\t\t\t\t<div class=\"mb-4\"><i class=\"fa-light fa-asterisk fa-2x text-dark\"><\/i><\/div>\r\n\t\t\t\t<div class=\"fw-semibold mb-2\">Comprehensive Services for Seniors<\/div>\r\n\t\t\t\t<div>Our services extend beyond housing. We offer comprehensive support designed specifically for seniors, ensuring all their needs are met, from property selection to mobility considerations. This, combined with top customer satisfaction, makes us a trusted provider in the senior housing market.<\/div>\r\n\t\t\t<\/div>\r\n\t\t\t<div class=\"col-lg-4\">\r\n\t\t\t\t<div class=\"mb-4\"><i class=\"fa-light fa-asterisk fa-2x text-dark\"><\/i><\/div>\r\n\t\t\t\t<div class=\"fw-semibold mb-2\">Explore Our App<\/div>\r\n\t\t\t\t<div>\r\n\t\t\t\t\t<ul class=\"mb-0\">\r\n\t\t\t\t\t\t<li>Effortlessly book senior-friendly accommodations tailored to your needs.<\/li>\r\n\t\t\t\t\t\t<li>Manage your stay and preferences anytime, anywhere.<\/li>\r\n\t\t\t\t\t\t<li>Contact customer support whenever you need assistance.<\/li>\r\n\t\t\t\t\t<\/ul>\r\n\t\t\t\t<\/div>\r\n\t\t\t<\/div>\r\n\t\t\t<div class=\"col-lg-4\">\r\n\t\t\t\t<div class=\"mb-4\"><i class=\"fa-light fa-asterisk fa-2x text-dark\"><\/i><\/div>\r\n\t\t\t\t<div class=\"fw-semibold mb-2\">Stay Updated with Our Newsletter  <\/div>\r\n\t\t\t\t<div>\r\n\t\t\t\t\t<ul class=\"mb-0\">\r\n\t\t\t\t\t\t<li>Discover new senior-friendly properties and features.<\/li>\r\n\t\t\t\t\t\t<li>Enjoy exclusive offers and special discounts.<\/li>\r\n\t\t\t\t\t\t<li>Stay informed about new developments in senior living solutions.<\/li>\r\n\t\t\t\t\t<\/ul>\r\n\t\t\t\t<\/div>\r\n\t\t\t<\/div>\r\n\t\t<\/div>\r\n\t<\/div>\r\n<\/div>","protected":false},"excerpt":{"rendered":"<p>Sitoutuminen innovaatioon ja kest\u00e4vyyteen Sitoutuminen mukavuuteen ja innovaatioon Accomfylla yhdist\u00e4mme huipputeknologian mukavien, kodinomaisten asuintilojen luomiseen senioreille. Tavoitteenamme on mullistaa asuntomarkkinat ratkaisulla, joka asettaa etusijalle esteett\u00f6myyden, helppouden ja jokaiselle asukkaalle yksil\u00f6llisesti r\u00e4\u00e4t\u00e4l\u00f6idyn kokemuksen. Tietoa meist\u00e4 Tarvitsetpa sitten lyhytaikaista, keskipitk\u00e4\u00e4 tai pitk\u00e4aikaista majoitusratkaisua, Accomfy tarjoaa valikoiman senioriyst\u00e4v\u00e4llisi\u00e4 kohteita, joissa yhdistyv\u00e4t tyyli, toimivuus ja helppok\u00e4ytt\u00f6isyys. Tavoitteenamme on varmistaa, [&hellip;]<\/p>\n","protected":false},"author":1,"featured_media":0,"parent":0,"menu_order":6,"comment_status":"closed","ping_status":"closed","template":"","meta":{"inline_featured_image":false,"footnotes":""},"class_list":["post-55","page","type-page","status-publish","hentry"],"yoast_head":"<!-- This site is optimized with the Yoast SEO plugin v27.5 - https:\/\/yoast.com\/product\/yoast-seo-wordpress\/ -->\n<title>Seniors - Accomfy Oy<\/title>\n<meta name=\"robots\" content=\"index, follow, max-snippet:-1, max-image-preview:large, max-video-preview:-1\" \/>\n<link rel=\"canonical\" href=\"https:\/\/www.accomfy.com\/en\/seniors\/\" \/>\n<meta property=\"og:locale\" content=\"en_US\" \/>\n<meta property=\"og:type\" content=\"article\" \/>\n<meta property=\"og:title\" content=\"Seniors - Accomfy Oy\" \/>\n<meta property=\"og:description\" content=\"Sitoutuminen innovaatioon ja kest\u00e4vyyteen Sitoutuminen mukavuuteen ja innovaatioon Accomfylla yhdist\u00e4mme huipputeknologian mukavien, kodinomaisten asuintilojen luomiseen senioreille. Tavoitteenamme on mullistaa asuntomarkkinat ratkaisulla, joka asettaa etusijalle esteett\u00f6myyden, helppouden ja jokaiselle asukkaalle yksil\u00f6llisesti r\u00e4\u00e4t\u00e4l\u00f6idyn kokemuksen. Tietoa meist\u00e4 Tarvitsetpa sitten lyhytaikaista, keskipitk\u00e4\u00e4 tai pitk\u00e4aikaista majoitusratkaisua, Accomfy tarjoaa valikoiman senioriyst\u00e4v\u00e4llisi\u00e4 kohteita, joissa yhdistyv\u00e4t tyyli, toimivuus ja helppok\u00e4ytt\u00f6isyys. Tavoitteenamme on varmistaa, [&hellip;]\" \/>\n<meta property=\"og:url\" content=\"https:\/\/www.accomfy.com\/en\/seniors\/\" \/>\n<meta property=\"og:site_name\" content=\"Accomfy Oy\" \/>\n<meta property=\"article:modified_time\" content=\"2024-11-11T14:03:57+00:00\" \/>\n<meta name=\"twitter:card\" content=\"summary_large_image\" \/>\n<meta name=\"twitter:label1\" content=\"Est. reading time\" \/>\n\t<meta name=\"twitter:data1\" content=\"2 minutes\" \/>\n<script type=\"application\/ld+json\" class=\"yoast-schema-graph\">{\"@context\":\"https:\\\/\\\/schema.org\",\"@graph\":[{\"@type\":\"WebPage\",\"@id\":\"https:\\\/\\\/www.accomfy.com\\\/seniors\\\/\",\"url\":\"https:\\\/\\\/www.accomfy.com\\\/seniors\\\/\",\"name\":\"Seniors - Accomfy Oy\",\"isPartOf\":{\"@id\":\"https:\\\/\\\/www.accomfy.com\\\/#website\"},\"datePublished\":\"2024-11-11T13:52:25+00:00\",\"dateModified\":\"2024-11-11T14:03:57+00:00\",\"breadcrumb\":{\"@id\":\"https:\\\/\\\/www.accomfy.com\\\/seniors\\\/#breadcrumb\"},\"inLanguage\":\"en-US\",\"potentialAction\":[{\"@type\":\"ReadAction\",\"target\":[\"https:\\\/\\\/www.accomfy.com\\\/seniors\\\/\"]}]},{\"@type\":\"BreadcrumbList\",\"@id\":\"https:\\\/\\\/www.accomfy.com\\\/seniors\\\/#breadcrumb\",\"itemListElement\":[{\"@type\":\"ListItem\",\"position\":1,\"name\":\"Home\",\"item\":\"https:\\\/\\\/www.accomfy.com\\\/\"},{\"@type\":\"ListItem\",\"position\":2,\"name\":\"Seniors\"}]},{\"@type\":\"WebSite\",\"@id\":\"https:\\\/\\\/www.accomfy.com\\\/#website\",\"url\":\"https:\\\/\\\/www.accomfy.com\\\/\",\"name\":\"Accomfy Oy\",\"description\":\"Yksi WordPress sivusto\",\"potentialAction\":[{\"@type\":\"SearchAction\",\"target\":{\"@type\":\"EntryPoint\",\"urlTemplate\":\"https:\\\/\\\/www.accomfy.com\\\/?s={search_term_string}\"},\"query-input\":{\"@type\":\"PropertyValueSpecification\",\"valueRequired\":true,\"valueName\":\"search_term_string\"}}],\"inLanguage\":\"en-US\"}]}<\/script>\n<!-- \/ Yoast SEO plugin. -->","yoast_head_json":{"title":"Seniors - Accomfy Oy","robots":{"index":"index","follow":"follow","max-snippet":"max-snippet:-1","max-image-preview":"max-image-preview:large","max-video-preview":"max-video-preview:-1"},"canonical":"https:\/\/www.accomfy.com\/en\/seniors\/","og_locale":"en_US","og_type":"article","og_title":"Seniors - Accomfy Oy","og_description":"Sitoutuminen innovaatioon ja kest\u00e4vyyteen Sitoutuminen mukavuuteen ja innovaatioon Accomfylla yhdist\u00e4mme huipputeknologian mukavien, kodinomaisten asuintilojen luomiseen senioreille. Tavoitteenamme on mullistaa asuntomarkkinat ratkaisulla, joka asettaa etusijalle esteett\u00f6myyden, helppouden ja jokaiselle asukkaalle yksil\u00f6llisesti r\u00e4\u00e4t\u00e4l\u00f6idyn kokemuksen. Tietoa meist\u00e4 Tarvitsetpa sitten lyhytaikaista, keskipitk\u00e4\u00e4 tai pitk\u00e4aikaista majoitusratkaisua, Accomfy tarjoaa valikoiman senioriyst\u00e4v\u00e4llisi\u00e4 kohteita, joissa yhdistyv\u00e4t tyyli, toimivuus ja helppok\u00e4ytt\u00f6isyys. Tavoitteenamme on varmistaa, [&hellip;]","og_url":"https:\/\/www.accomfy.com\/en\/seniors\/","og_site_name":"Accomfy Oy","article_modified_time":"2024-11-11T14:03:57+00:00","twitter_card":"summary_large_image","twitter_misc":{"Est. reading time":"2 minutes"},"schema":{"@context":"https:\/\/schema.org","@graph":[{"@type":"WebPage","@id":"https:\/\/www.accomfy.com\/seniors\/","url":"https:\/\/www.accomfy.com\/seniors\/","name":"Seniors - Accomfy Oy","isPartOf":{"@id":"https:\/\/www.accomfy.com\/#website"},"datePublished":"2024-11-11T13:52:25+00:00","dateModified":"2024-11-11T14:03:57+00:00","breadcrumb":{"@id":"https:\/\/www.accomfy.com\/seniors\/#breadcrumb"},"inLanguage":"en-US","potentialAction":[{"@type":"ReadAction","target":["https:\/\/www.accomfy.com\/seniors\/"]}]},{"@type":"BreadcrumbList","@id":"https:\/\/www.accomfy.com\/seniors\/#breadcrumb","itemListElement":[{"@type":"ListItem","position":1,"name":"Home","item":"https:\/\/www.accomfy.com\/"},{"@type":"ListItem","position":2,"name":"Seniors"}]},{"@type":"WebSite","@id":"https:\/\/www.accomfy.com\/#website","url":"https:\/\/www.accomfy.com\/","name":"Accomfy Oy","description":"Yksi WordPress sivusto","potentialAction":[{"@type":"SearchAction","target":{"@type":"EntryPoint","urlTemplate":"https:\/\/www.accomfy.com\/?s={search_term_string}"},"query-input":{"@type":"PropertyValueSpecification","valueRequired":true,"valueName":"search_term_string"}}],"inLanguage":"en-US"}]}},"_links":{"self":[{"href":"https:\/\/www.accomfy.com\/en\/wp-json\/wp\/v2\/pages\/55","targetHints":{"allow":["GET"]}}],"collection":[{"href":"https:\/\/www.accomfy.com\/en\/wp-json\/wp\/v2\/pages"}],"about":[{"href":"https:\/\/www.accomfy.com\/en\/wp-json\/wp\/v2\/types\/page"}],"author":[{"embeddable":true,"href":"https:\/\/www.accomfy.com\/en\/wp-json\/wp\/v2\/users\/1"}],"replies":[{"embeddable":true,"href":"https:\/\/www.accomfy.com\/en\/wp-json\/wp\/v2\/comments?post=55"}],"version-history":[{"count":14,"href":"https:\/\/www.accomfy.com\/en\/wp-json\/wp\/v2\/pages\/55\/revisions"}],"predecessor-version":[{"id":69,"href":"https:\/\/www.accomfy.com\/en\/wp-json\/wp\/v2\/pages\/55\/revisions\/69"}],"wp:attachment":[{"href":"https:\/\/www.accomfy.com\/en\/wp-json\/wp\/v2\/media?parent=55"}],"curies":[{"name":"wp","href":"https:\/\/api.w.org\/{rel}","templated":true}]}}